{"id":733,"date":"2025-03-28T12:56:32","date_gmt":"2025-03-28T12:56:32","guid":{"rendered":"https:\/\/nomadgathering.com\/?page_id=733"},"modified":"2025-08-10T19:20:23","modified_gmt":"2025-08-10T19:20:23","slug":"fo-szinpad-program","status":"publish","type":"page","link":"https:\/\/nomadgathering.com\/en\/fo-szinpad-program\/","title":{"rendered":"Main stage program"},"content":{"rendered":"<div data-elementor-type=\"wp-page\" data-elementor-id=\"733\" class=\"elementor elementor-733\" data-elementor-post-type=\"page\">\n\t\t\t\t<div class=\"elementor-element elementor-element-1b7b06c e-con-full e-flex e-con e-parent\" data-id=\"1b7b06c\" data-element_type=\"container\" data-e-type=\"container\" data-settings=\"{&quot;background_background&quot;:&quot;gradient&quot;}\">\n\t\t\t\t<div class=\"elementor-element elementor-element-0ca0043 elementor-widget elementor-widget-heading\" data-id=\"0ca0043\" data-element_type=\"widget\" data-e-type=\"widget\" data-widget_type=\"heading.default\">\n\t\t\t\t<div class=\"elementor-widget-container\">\n\t\t\t\t\t<h2 class=\"elementor-heading-title elementor-size-default\">Main Stage<\/h2>\t\t\t\t<\/div>\n\t\t\t\t<\/div>\n\t\t\t\t<div class=\"elementor-element elementor-element-d0e396f elementor-widget elementor-widget-heading\" data-id=\"d0e396f\" data-element_type=\"widget\" data-e-type=\"widget\" data-widget_type=\"heading.default\">\n\t\t\t\t<div class=\"elementor-widget-container\">\n\t\t\t\t\t<h2 class=\"elementor-heading-title elementor-size-default\">program<\/h2>\t\t\t\t<\/div>\n\t\t\t\t<\/div>\n\t\t<div class=\"elementor-element elementor-element-9394b7f e-flex e-con-boxed e-con e-child\" data-id=\"9394b7f\" data-element_type=\"container\" data-e-type=\"container\" data-settings=\"{&quot;background_background&quot;:&quot;classic&quot;}\">\n\t\t\t\t\t<div class=\"e-con-inner\">\n\t\t\t\t\t<\/div>\n\t\t\t\t<\/div>\n\t\t\t\t<\/div>\n\t\t\t\t<\/div>","protected":false},"excerpt":{"rendered":"<p>Main Stage program Nap Id\u0151pont Helysz\u00edn El\u0151ad\u00f3 08.21. Cs\u00fct\u00f6rt\u00f6k 14:00 &#8211; 15:45 Beach DJ Run aka Marcip\u00e1n 15:45 &#8211; 17:45 Beach SQTO 18:00 &#8211; 20:00 Main Stage EndRA Live set 20:00 &#8211; 22:00 Main Stage UrbanVinyl 22:00 &#8211; 01:00 Main Stage Ping Medusa Live DJ set with Fire Juggling \/ T\u0171zzsongl\u0151r\u00f6kkel 08.22. P\u00e9ntek 01:00 &#8211; [&hellip;]<\/p>\n","protected":false},"author":1,"featured_media":0,"parent":0,"menu_order":0,"comment_status":"closed","ping_status":"closed","template":"elementor_header_footer","meta":{"footnotes":""},"class_list":["post-733","page","type-page","status-publish","hentry","entry","owp-thumbs-layout-horizontal","owp-btn-normal","owp-tabs-layout-horizontal","has-no-thumbnails","has-product-nav"],"_links":{"self":[{"href":"https:\/\/nomadgathering.com\/en\/wp-json\/wp\/v2\/pages\/733","targetHints":{"allow":["GET"]}}],"collection":[{"href":"https:\/\/nomadgathering.com\/en\/wp-json\/wp\/v2\/pages"}],"about":[{"href":"https:\/\/nomadgathering.com\/en\/wp-json\/wp\/v2\/types\/page"}],"author":[{"embeddable":true,"href":"https:\/\/nomadgathering.com\/en\/wp-json\/wp\/v2\/users\/1"}],"replies":[{"embeddable":true,"href":"https:\/\/nomadgathering.com\/en\/wp-json\/wp\/v2\/comments?post=733"}],"version-history":[{"count":35,"href":"https:\/\/nomadgathering.com\/en\/wp-json\/wp\/v2\/pages\/733\/revisions"}],"predecessor-version":[{"id":2887,"href":"https:\/\/nomadgathering.com\/en\/wp-json\/wp\/v2\/pages\/733\/revisions\/2887"}],"wp:attachment":[{"href":"https:\/\/nomadgathering.com\/en\/wp-json\/wp\/v2\/media?parent=733"}],"curies":[{"name":"wp","href":"https:\/\/api.w.org\/{rel}","templated":true}]}}