{"id":670,"date":"2025-03-28T10:07:05","date_gmt":"2025-03-28T10:07:05","guid":{"rendered":"https:\/\/nomadgathering.com\/?page_id=670"},"modified":"2025-04-01T10:13:53","modified_gmt":"2025-04-01T10:13:53","slug":"hazirend","status":"publish","type":"page","link":"https:\/\/nomadgathering.com\/en\/hazirend\/","title":{"rendered":"H\u00e1zirend"},"content":{"rendered":"<div data-elementor-type=\"wp-page\" data-elementor-id=\"670\" class=\"elementor elementor-670\" data-elementor-post-type=\"page\">\n\t\t\t\t<div class=\"elementor-element elementor-element-c26a026 e-con-full e-flex e-con e-parent\" data-id=\"c26a026\" data-element_type=\"container\" data-e-type=\"container\" data-settings=\"{&quot;background_background&quot;:&quot;gradient&quot;}\">\n\t\t\t\t<div class=\"elementor-element elementor-element-0057911 elementor-widget elementor-widget-heading\" data-id=\"0057911\" data-element_type=\"widget\" data-e-type=\"widget\" data-widget_type=\"heading.default\">\n\t\t\t\t<div class=\"elementor-widget-container\">\n\t\t\t\t\t<h2 class=\"elementor-heading-title elementor-size-default\">H\u00e1zirend<\/h2>\t\t\t\t<\/div>\n\t\t\t\t<\/div>\n\t\t<div class=\"elementor-element elementor-element-09f11ad e-flex e-con-boxed e-con e-child\" data-id=\"09f11ad\" data-element_type=\"container\" data-e-type=\"container\" data-settings=\"{&quot;background_background&quot;:&quot;classic&quot;}\">\n\t\t\t\t\t<div class=\"e-con-inner\">\n\t\t\t\t<div class=\"elementor-element elementor-element-18d802c elementor-widget elementor-widget-heading\" data-id=\"18d802c\" data-element_type=\"widget\" data-e-type=\"widget\" data-widget_type=\"heading.default\">\n\t\t\t\t<div class=\"elementor-widget-container\">\n\t\t\t\t\t<h2 class=\"elementor-heading-title elementor-size-default\">NOMAD GATHERING 2025\nH\u00e1zirend \u00e9s Parkol\u00e1si Szab\u00e1lyzat<\/h2>\t\t\t\t<\/div>\n\t\t\t\t<\/div>\n\t\t\t\t<div class=\"elementor-element elementor-element-58e990b elementor-widget elementor-widget-text-editor\" data-id=\"58e990b\" data-element_type=\"widget\" data-e-type=\"widget\" data-widget_type=\"text-editor.default\">\n\t\t\t\t<div class=\"elementor-widget-container\">\n\t\t\t\t\t\t\t\t\t<p data-start=\"80\" data-end=\"295\">K\u00e9rj\u00fck, seg\u00edtsd el\u0151 a NOMAD Gathering ter\u00fclet\u00e9nek meg\u00f3v\u00e1s\u00e1t, valamint az esem\u00e9ny b\u00e9k\u00e9s \u00e9s probl\u00e9mamentes lebonyol\u00edt\u00e1s\u00e1t az al\u00e1bbi szab\u00e1lyok betart\u00e1s\u00e1val \u2013 a \u00c1ltal\u00e1nos Szerz\u0151d\u00e9si Felt\u00e9telek (LINK) mellett:<\/p><p data-start=\"297\" data-end=\"416\"><strong>A rendezv\u00e9ny r\u00e9sztvev\u0151inek biztons\u00e1ga \u00e9rdek\u00e9ben bizonyos t\u00e1rgyak \u00e9s eszk\u00f6z\u00f6k bevitele a fesztiv\u00e1l ter\u00fclet\u00e9re TILOS!<\/strong><\/p><p class=\"\" data-start=\"418\" data-end=\"960\"><strong data-start=\"418\" data-end=\"437\">Szigor\u00faan TILOS<\/strong> pirotechnikai eszk\u00f6z\u00f6k, \u00fcveged\u00e9nyek, robban\u00f3-, m\u00e9rgez\u0151- vagy gy\u00fal\u00e9kony anyagot tartalmaz\u00f3 t\u00e1rgyak vagy eszk\u00f6z\u00f6k, l\u0151fegyverek, dob\u00f3csillagok, paritty\u00e1k, 8 cm-n\u00e9l hosszabb peng\u00e9j\u0171 k\u00e9sek, pillang\u00f3k\u00e9sek, rug\u00f3s k\u00e9sek, g\u00e1zspray-k, valamint m\u00e1s \u2013 k\u00f6zbiztons\u00e1gra k\u00fcl\u00f6n\u00f6sen vesz\u00e9lyes \u2013 t\u00e1rgyak bevitele.<br data-start=\"732\" data-end=\"735\" \/>Ezeket a bel\u00e9ptet\u00e9skor \u00e9s az esem\u00e9ny sor\u00e1n biztons\u00e1gi szem\u00e9lyzet ellen\u0151rizheti, \u00e9s a vesz\u00e9lyesnek \u00edt\u00e9lt t\u00e1rgyakat <strong data-start=\"849\" data-end=\"866\">elkobozhatj\u00e1k<\/strong>, melyeket az esem\u00e9ny elhagy\u00e1sakor visszaadnak, kiv\u00e9ve, ha a birtokl\u00e1suk jogszab\u00e1lyba \u00fctk\u00f6zik.<\/p><p class=\"\" data-start=\"962\" data-end=\"1067\"><strong data-start=\"962\" data-end=\"976\">T\u0171zgy\u00fajt\u00e1s<\/strong> \u00e9s <strong data-start=\"980\" data-end=\"1005\">ny\u00edlt l\u00e1ng haszn\u00e1lata<\/strong> az esem\u00e9ny ter\u00fclet\u00e9n TILOS, kiv\u00e9ve az erre kijel\u00f6lt helyeken!<\/p><p class=\"\" data-start=\"1069\" data-end=\"1274\"><strong data-start=\"1069\" data-end=\"1078\">Tilos<\/strong> b\u00f3d\u00edt\u00f3, k\u00e1b\u00edt\u00f3 vagy m\u00e1s tiltott szerek bevitele \u00e9s haszn\u00e1lata a rendezv\u00e9ny ter\u00fclet\u00e9n!<br data-start=\"1164\" data-end=\"1167\" \/>Felh\u00edvjuk figyelmed, hogy ezen szerek birtokl\u00e1sa \u00e9s haszn\u00e1lata <strong data-start=\"1230\" data-end=\"1273\">t\u00f6rv\u00e9nybe \u00fctk\u00f6z\u0151, b\u00fcntetend\u0151 cselekm\u00e9ny<\/strong>!<\/p><p class=\"\" data-start=\"1276\" data-end=\"1407\"><strong data-start=\"1276\" data-end=\"1294\">Alkoholos ital<\/strong> bevitele a rendezv\u00e9ny ter\u00fclet\u00e9re nem megengedett, \u00e9s k\u00e9rj\u00fck, m\u00e9rt\u00e9kkel fogyassz alkoholt az esem\u00e9ny ideje alatt!<\/p><p class=\"\" data-start=\"1409\" data-end=\"1798\">Vizet vagy \u00fcd\u00edt\u0151t <strong data-start=\"1427\" data-end=\"1472\">maximum egy db, 1,5 literes PET palackban<\/strong> hozhatsz be.<br data-start=\"1485\" data-end=\"1488\" \/><strong data-start=\"1488\" data-end=\"1505\">\u00c9lelmiszerb\u0151l<\/strong> kiz\u00e1r\u00f3lag <strong data-start=\"1516\" data-end=\"1543\">el\u0151recsomagolt form\u00e1ban<\/strong> hozhatsz be, \u00e9lelmiszerbiztons\u00e1gi \u00e9s k\u00f6zeg\u00e9szs\u00e9g\u00fcgyi okokb\u00f3l.<br data-start=\"1605\" data-end=\"1608\" \/><strong data-start=\"1608\" data-end=\"1627\">Doh\u00e1nyterm\u00e9kb\u0151l<\/strong> csak <strong data-start=\"1633\" data-end=\"1663\">nem kereskedelmi mennyis\u00e9g<\/strong> vihet\u0151 be: max. 1 karton (10 doboz) cigaretta, 10 doboz szivar, 10 db szivar.<br data-start=\"1741\" data-end=\"1744\" \/>A rendezv\u00e9ny ter\u00fclet\u00e9n doh\u00e1nyterm\u00e9k nem v\u00e1s\u00e1rolhat\u00f3.<\/p><p class=\"\" data-start=\"1800\" data-end=\"1847\"><strong data-start=\"1800\" data-end=\"1847\">Doh\u00e1nyozni csak a kijel\u00f6lt helyeken szabad!<\/strong><\/p><hr class=\"\" data-start=\"1849\" data-end=\"1852\" \/><p data-start=\"1854\" data-end=\"1868\"><strong>Pets<\/strong><\/p><p class=\"\" data-start=\"1870\" data-end=\"1985\">\u00d6r\u00f6mmel fogadjuk a h\u00e1zi kedvenceket a NOMAD Gatheringen, de k\u00e9rj\u00fck, <strong data-start=\"1938\" data-end=\"1984\">tartsd be a felel\u0151s \u00e1llattart\u00e1s szab\u00e1lyait<\/strong>:<\/p><ul data-start=\"1987\" data-end=\"2603\"><li class=\"\" data-start=\"1987\" data-end=\"2093\"><p class=\"\" data-start=\"1989\" data-end=\"2093\">A kuty\u00e1k (kiv\u00e9ve seg\u00edt\u0151 kuty\u00e1k) <strong data-start=\"2021\" data-end=\"2042\">kiz\u00e1r\u00f3lag p\u00f3r\u00e1zon<\/strong> hozhat\u00f3k be, \u00e9s v\u00e9gig p\u00f3r\u00e1zon kell tartani \u0151ket.<\/p><\/li><li class=\"\" data-start=\"2094\" data-end=\"2276\"><p class=\"\" data-start=\"2096\" data-end=\"2276\">Az esem\u00e9ny szervez\u0151i <strong data-start=\"2117\" data-end=\"2140\">fenntartj\u00e1k a jogot<\/strong>, hogy a kuty\u00e1t \u00e9s gazd\u00e1j\u00e1t <strong data-start=\"2168\" data-end=\"2203\">azonnal t\u00e1voz\u00e1sra sz\u00f3l\u00edts\u00e1k fel<\/strong>, ha a kutya vesz\u00e9lyt jelent m\u00e1s r\u00e9sztvev\u0151kre vagy zavarja a rendezv\u00e9nyt.<\/p><\/li><li class=\"\" data-start=\"2277\" data-end=\"2381\"><p class=\"\" data-start=\"2279\" data-end=\"2381\">Csak <strong data-start=\"2284\" data-end=\"2312\">szel\u00edd, p\u00f3r\u00e1zon vezetett<\/strong> \u00e1llatok hozhat\u00f3k be, amelyek nem vesz\u00e9lyeztetik m\u00e1sok testi \u00e9ps\u00e9g\u00e9t.<\/p><\/li><li class=\"\" data-start=\"2382\" data-end=\"2517\"><p class=\"\" data-start=\"2384\" data-end=\"2517\"><strong data-start=\"2384\" data-end=\"2405\">Bel\u00e9p\u00e9s felt\u00e9tele<\/strong>: a kutya olt\u00e1si k\u00f6nyve \u00e9s a gazdi telefonsz\u00e1m\u00e1t tartalmaz\u00f3 bil\u00e9ta, amelyen a sz\u00e1m az esem\u00e9ny alatt is el\u00e9rhet\u0151.<\/p><\/li><li class=\"\" data-start=\"2518\" data-end=\"2603\"><p class=\"\" data-start=\"2520\" data-end=\"2603\">K\u00e9rj\u00fck, mindig <strong data-start=\"2535\" data-end=\"2563\">takar\u00edts fel kuty\u00e1d ut\u00e1n<\/strong> \u00e9s figyelj a <strong data-start=\"2577\" data-end=\"2602\">higi\u00e9niai szab\u00e1lyokra<\/strong>!<\/p><\/li><\/ul><hr class=\"\" data-start=\"2605\" data-end=\"2608\" \/><p data-start=\"2610\" data-end=\"2642\"><strong>K\u00f6rnyezetv\u00e9delem \u00e9s tisztas\u00e1g<\/strong><\/p><ul data-start=\"2644\" data-end=\"3078\"><li class=\"\" data-start=\"2644\" data-end=\"2784\"><p class=\"\" data-start=\"2646\" data-end=\"2784\">Mi is mindent megtesz\u00fcnk a ter\u00fclet tiszt\u00e1n tart\u00e1s\u00e1\u00e9rt, de k\u00e9rj\u00fck, <strong data-start=\"2712\" data-end=\"2783\">haszn\u00e1lj\u00e1tok a kihelyezett hullad\u00e9kgy\u0171jt\u0151ket \u00e9s szelekt\u00edv t\u00e1rol\u00f3kat<\/strong>!<\/p><\/li><li class=\"\" data-start=\"2785\" data-end=\"2858\"><p class=\"\" data-start=\"2787\" data-end=\"2858\">A PET palackokat <strong data-start=\"2804\" data-end=\"2831\">kupak n\u00e9lk\u00fcl, kilap\u00edtva<\/strong> dobd a megfelel\u0151 gy\u0171jt\u0151be!<\/p><\/li><li class=\"\" data-start=\"2859\" data-end=\"3010\"><p class=\"\" data-start=\"2861\" data-end=\"3010\">A s\u00e1trakban fel\u00fcgyelet n\u00e9lk\u00fcl hagyott csomagok\u00e9rt <strong data-start=\"2911\" data-end=\"2941\">felel\u0151ss\u00e9get nem v\u00e1llalunk<\/strong> \u2013 \u00e9rt\u00e9keidet helyezd el a <strong data-start=\"2968\" data-end=\"3009\">csomag- \u00e9s \u00e9rt\u00e9kmeg\u0151rz\u0151 szekr\u00e9nyekben<\/strong>!<\/p><\/li><li class=\"\" data-start=\"3011\" data-end=\"3078\"><p class=\"\" data-start=\"3013\" data-end=\"3078\">Elveszett t\u00e1rgyakat k\u00e9rj\u00fck, add le vagy keresd az <strong data-start=\"3063\" data-end=\"3077\">Inf\u00f3ponton<\/strong>!<\/p><\/li><\/ul><hr class=\"\" data-start=\"3080\" data-end=\"3083\" \/><p data-start=\"3085\" data-end=\"3129\"><strong>Visszajelz\u00e9s, k\u00e9rd\u00e9s vagy panasz eset\u00e9n<\/strong><\/p><p class=\"\" data-start=\"3130\" data-end=\"3345\">Fordulj bizalommal a <strong data-start=\"3151\" data-end=\"3187\">Rendezv\u00e9nyk\u00f6zpont munkat\u00e1rsaihoz<\/strong> vagy \u00edrj e-mailt a k\u00f6vetkez\u0151 c\u00edmre:<br data-start=\"3223\" data-end=\"3226\" \/>\ud83d\udce7 <strong data-start=\"3229\" data-end=\"3259\">contact@nomadgathering.com<\/strong><br data-start=\"3259\" data-end=\"3262\" \/>(Az esem\u00e9nyt k\u00f6vet\u0151en v\u00e1laszolunk, kiv\u00e9ve s\u00fcrg\u0151s esetekben \u2013 k\u00f6sz\u00f6nj\u00fck a t\u00fcrelmet!)<\/p><hr class=\"\" data-start=\"3347\" data-end=\"3350\" \/><p data-start=\"3352\" data-end=\"3381\"><strong>SZ\u00c1LL\u00c1SHELYI RENDELKEZ\u00c9SEK<\/strong><\/p><ul data-start=\"3383\" data-end=\"4091\"><li class=\"\" data-start=\"3383\" data-end=\"3498\"><p class=\"\" data-start=\"3385\" data-end=\"3498\">A rendezv\u00e9nyter\u00fcletre t\u00f6rt\u00e9n\u0151 bel\u00e9p\u00e9s \u00e9s ott-tart\u00f3zkod\u00e1s a <strong data-start=\"3444\" data-end=\"3497\">megv\u00e1ltott jegy \u00e9rv\u00e9nyess\u00e9gi idej\u00e9re korl\u00e1toz\u00f3dik<\/strong>.<\/p><\/li><li class=\"\" data-start=\"3499\" data-end=\"3615\"><p class=\"\" data-start=\"3501\" data-end=\"3615\">S\u00e1trazni kiz\u00e1r\u00f3lag a <strong data-start=\"3522\" data-end=\"3548\">kijel\u00f6lt s\u00e1torhelyeken<\/strong> lehet, \u00e9s <strong data-start=\"3559\" data-end=\"3578\">maximum 3 m\u00b2\/f\u0151<\/strong> alapter\u00fclet\u0171 s\u00e1trak enged\u00e9lyezettek.<\/p><\/li><li class=\"\" data-start=\"3616\" data-end=\"3680\"><p class=\"\" data-start=\"3618\" data-end=\"3680\"><strong data-start=\"3618\" data-end=\"3636\">Nappali s\u00e1trak<\/strong> (\u201esaletli\u201d) haszn\u00e1lata <strong data-start=\"3660\" data-end=\"3679\">nem megengedett<\/strong>.<\/p><\/li><li class=\"\" data-start=\"3681\" data-end=\"3798\"><p class=\"\" data-start=\"3683\" data-end=\"3798\">A rendezv\u00e9ny ter\u00fclet\u00e9n elhelyezett elektromos \u00e9s k\u00f6z\u00f6ss\u00e9gi eszk\u00f6z\u00f6ket csak <strong data-start=\"3758\" data-end=\"3780\">rendeltet\u00e9sszer\u0171en<\/strong> szabad haszn\u00e1lni.<\/p><\/li><li class=\"\" data-start=\"3799\" data-end=\"3972\"><p class=\"\" data-start=\"3801\" data-end=\"3972\"><strong data-start=\"3801\" data-end=\"3815\">T\u0171zgy\u00fajt\u00e1s<\/strong> csak kijel\u00f6lt helyen, a szab\u00e1lyok szigor\u00fa betart\u00e1s\u00e1val t\u00f6rt\u00e9nhet.<br data-start=\"3881\" data-end=\"3884\" \/>Bizonyos kempingfelszerel\u00e9sek (pl. g\u00e1zpalackos f\u0151z\u0151k) haszn\u00e1lata is szab\u00e1lyhoz k\u00f6t\u00f6tt.<\/p><\/li><li class=\"\" data-start=\"3973\" data-end=\"4091\"><p class=\"\" data-start=\"3975\" data-end=\"4091\">A mell\u00e9khelyis\u00e9gek, zuhanyz\u00f3k haszn\u00e1lata sor\u00e1n k\u00e9rj\u00fck, <strong data-start=\"4030\" data-end=\"4067\">tartsd be a higi\u00e9niai el\u0151\u00edr\u00e1sokat<\/strong>, \u00e9s vigy\u00e1zz m\u00e1sokra is!<\/p><\/li><\/ul><p class=\"\" data-start=\"4093\" data-end=\"4356\">A rendezv\u00e9ny szervez\u0151je <strong data-start=\"4117\" data-end=\"4175\">csak a hat\u00e1lyos jogszab\u00e1lyok \u00e9s az \u00c1SZF keretein bel\u00fcl<\/strong> vonhat\u00f3 felel\u0151ss\u00e9gre.<br data-start=\"4197\" data-end=\"4200\" \/>Minden r\u00e9sztvev\u0151 elismeri, hogy harmadik f\u00e9l \u00e1ltal okozott k\u00e1r eset\u00e9n (m\u00e1s r\u00e9sztvev\u0151, partner vagy nem partner) <strong data-start=\"4312\" data-end=\"4355\">az okoz\u00f3 szem\u00e9ly tartozik felel\u0151ss\u00e9ggel<\/strong>.<\/p><p class=\"\" data-start=\"4358\" data-end=\"4462\"><strong data-start=\"4358\" data-end=\"4396\">A szervez\u0151 nem v\u00e1llal felel\u0151ss\u00e9get<\/strong> a s\u00e1trakban vagy m\u00e1s helyen fel\u00fcgyelet n\u00e9lk\u00fcl hagyott t\u00e1rgyak\u00e9rt.<\/p><p class=\"\" data-start=\"4464\" data-end=\"4639\">A rendezv\u00e9ny v\u00e9g\u00e9n (vagy a t\u00e1voz\u00e1s el\u0151tt) <strong data-start=\"4506\" data-end=\"4542\">k\u00e9rj\u00fck, rendeld el s\u00e1torhelyedet<\/strong>, \u00e9s <strong data-start=\"4547\" data-end=\"4575\">haszn\u00e1lj hullad\u00e9kgy\u0171jt\u0151t<\/strong>! A rendezv\u00e9ny ter\u00fclet\u00e9nek <strong data-start=\"4602\" data-end=\"4638\">szennyez\u00e9se vagy rong\u00e1l\u00e1sa tilos<\/strong>!<\/p><p class=\"\" data-start=\"4641\" data-end=\"4787\"><strong data-start=\"4641\" data-end=\"4666\">Kuty\u00e1k \u00e9s m\u00e1s \u00e1llatok<\/strong> a s\u00e1torhely k\u00f6zel\u00e9ben is <strong data-start=\"4692\" data-end=\"4741\">csak p\u00f3r\u00e1zon (\u00e9s sz\u00fcks\u00e9g eset\u00e9n sz\u00e1jkos\u00e1rral)<\/strong>, a gazdi fel\u00fcgyelete mellett tart\u00f3zkodhatnak.<\/p><p class=\"\" data-start=\"4789\" data-end=\"4860\">B\u00e1rmilyen <strong data-start=\"4799\" data-end=\"4824\">k\u00e1rosod\u00e1st vagy hib\u00e1t<\/strong> azonnal jelentsetek a szervez\u0151knek!<\/p><p class=\"\" data-start=\"4862\" data-end=\"5019\">S\u00falyos vagy ism\u00e9telt szab\u00e1lys\u00e9rt\u00e9s eset\u00e9n a szervez\u0151k vagy a biztons\u00e1gi szem\u00e9lyzet <strong data-start=\"4945\" data-end=\"4977\">elt\u00e1vol\u00edthatj\u00e1k a r\u00e9sztvev\u0151t<\/strong>, \u00e9s <strong data-start=\"4982\" data-end=\"5018\">a karszalagot \u00e9rv\u00e9nytelen\u00edthetik<\/strong>.<\/p><hr class=\"\" data-start=\"5021\" data-end=\"5024\" \/><p data-start=\"5026\" data-end=\"5049\"><strong>PARKOL\u00c1SI SZAB\u00c1LYZAT<\/strong><\/p><p class=\"\" data-start=\"5051\" data-end=\"5167\">A szab\u00e1lyok a fesztiv\u00e1l ter\u00fclet\u00e9re, a kijel\u00f6lt <strong data-start=\"5098\" data-end=\"5121\">ingyenes parkol\u00f3kra<\/strong> \u00e9s az ideiglenes meg\u00e1ll\u00f3helyekre vonatkoznak.<\/p><ul data-start=\"5169\" data-end=\"5528\"><li class=\"\" data-start=\"5169\" data-end=\"5234\"><p class=\"\" data-start=\"5171\" data-end=\"5234\">A l\u00e1togat\u00f3k a kijel\u00f6lt parkol\u00f3kban <strong data-start=\"5206\" data-end=\"5233\">ingyenesen parkolhatnak<\/strong>.<\/p><\/li><li class=\"\" data-start=\"5235\" data-end=\"5330\"><p class=\"\" data-start=\"5237\" data-end=\"5330\">Az esem\u00e9nyen r\u00e9sztvev\u0151k, szolg\u00e1ltat\u00f3k \u00e9s fell\u00e9p\u0151k k\u00f6telesek <strong data-start=\"5297\" data-end=\"5329\">a KRESZ szab\u00e1lyait betartani<\/strong>.<\/p><\/li><li class=\"\" data-start=\"5331\" data-end=\"5390\"><p class=\"\" data-start=\"5333\" data-end=\"5390\">A rendezv\u00e9ny ter\u00fclet\u00e9n a <strong data-start=\"5358\" data-end=\"5389\">maxim\u00e1lis sebess\u00e9g: 20 km\/h<\/strong>.<\/p><\/li><li class=\"\" data-start=\"5391\" data-end=\"5528\"><p class=\"\" data-start=\"5393\" data-end=\"5528\">Lak\u00f3kocsival, lak\u00f3aut\u00f3val val\u00f3 \u00e9rkez\u00e9s <strong data-start=\"5432\" data-end=\"5444\">ingyenes<\/strong>, de csak <strong data-start=\"5454\" data-end=\"5484\">a nyit\u00f3napon lehet be\u00e1llni<\/strong>, \u00e9s <strong data-start=\"5489\" data-end=\"5514\">a z\u00e1r\u00f3napon kihajtani<\/strong> \u2013 k\u00f6zben nem.<\/p><\/li><\/ul><p class=\"\" data-start=\"5530\" data-end=\"5713\">A parkol\u00f3 haszn\u00e1lat\u00e1val elfogadod a szab\u00e1lyzatot, \u00e9s tudom\u00e1sul veszed, hogy a <strong data-start=\"5608\" data-end=\"5644\">szervez\u0151 nem v\u00e1llal felel\u0151ss\u00e9get<\/strong> sem j\u00e1rm\u0171ben keletkezett k\u00e1r\u00e9rt, sem az ott hagyott \u00e9rt\u00e9kt\u00e1rgyak\u00e9rt.<\/p><p class=\"\" data-start=\"5715\" data-end=\"5865\">A j\u00e1rm\u0171vet <strong data-start=\"5726\" data-end=\"5776\">a kijel\u00f6lt parkol\u00f3helyen bel\u00fcl kell elhelyezni<\/strong>, m\u00e1sokat nem akad\u00e1lyozva.<br data-start=\"5802\" data-end=\"5805\" \/>A parkol\u00e1s ut\u00e1n a j\u00e1rm\u0171vet <strong data-start=\"5832\" data-end=\"5864\">z\u00e1rd le, h\u00fazd be a k\u00e9zif\u00e9ket<\/strong>!<\/p><p class=\"\" data-start=\"5867\" data-end=\"5965\">A parkol\u00f3 ter\u00fclet\u00e9n <strong data-start=\"5887\" data-end=\"5919\">a KRESZ szab\u00e1lyai \u00e9rv\u00e9nyesek<\/strong>, \u00e9s a <strong data-start=\"5926\" data-end=\"5964\">szervez\u0151k utas\u00edt\u00e1sait k\u00f6vetni kell<\/strong>.<\/p><p class=\"\" data-start=\"5967\" data-end=\"6179\">A szervez\u0151k jogosultak a parkol\u00f3t <strong data-start=\"6001\" data-end=\"6038\">teljesen vagy r\u00e9szlegesen lez\u00e1rni<\/strong>, a forgalmat korl\u00e1tozni.<br data-start=\"6063\" data-end=\"6066\" \/>Ez esetben a szervez\u0151k ir\u00e1ny\u00edtj\u00e1k a forgalmat, \u00e9s <strong data-start=\"6116\" data-end=\"6178\">a lez\u00e1r\u00e1st k\u00f6vet\u0151en halad\u00e9ktalanul vissza\u00e1ll\u00edtj\u00e1k a rendet<\/strong>.<\/p><p class=\"\" data-start=\"6181\" data-end=\"6187\">TILOS:<\/p><ul data-start=\"6188\" data-end=\"6363\"><li class=\"\" data-start=\"6188\" data-end=\"6241\"><p class=\"\" data-start=\"6190\" data-end=\"6241\">Doh\u00e1nyozni vagy ny\u00edlt l\u00e1ngot haszn\u00e1lni a parkol\u00f3ban<\/p><\/li><li class=\"\" data-start=\"6242\" data-end=\"6282\"><p class=\"\" data-start=\"6244\" data-end=\"6282\">Akad\u00e1lyozni a parkol\u00f3 rendes m\u0171k\u00f6d\u00e9s\u00e9t<\/p><\/li><li class=\"\" data-start=\"6283\" data-end=\"6363\"><p class=\"\" data-start=\"6285\" data-end=\"6363\">Sziv\u00e1rg\u00f3 j\u00e1rm\u0171vet, rendsz\u00e1m n\u00e9lk\u00fcli vagy forgalomk\u00e9ptelen j\u00e1rm\u0171vet meg\u00e1ll\u00edtani<\/p><\/li><\/ul><p class=\"\" data-start=\"6365\" data-end=\"6503\">S\u00falyos vagy ism\u00e9telt szab\u00e1lys\u00e9rt\u00e9s eset\u00e9n a szervez\u0151k vagy partnereik (biztons\u00e1gi szolg\u00e1lat) <strong data-start=\"6458\" data-end=\"6502\">elt\u00e1vol\u00edthatj\u00e1k a l\u00e1togat\u00f3t a parkol\u00f3b\u00f3l<\/strong>.<\/p><p class=\"\" data-start=\"6505\" data-end=\"6678\"><strong data-start=\"6505\" data-end=\"6529\">Forgalmat akad\u00e1lyoz\u00f3<\/strong> j\u00e1rm\u0171 eset\u00e9n a szervez\u0151k jogosultak azt <strong data-start=\"6570\" data-end=\"6588\">elsz\u00e1ll\u00edttatni<\/strong> \u2013 a k\u00f6lts\u00e9gek a tulajdonost terhelik.<br data-start=\"6626\" data-end=\"6629\" \/>A szervez\u0151 <strong data-start=\"6640\" data-end=\"6652\">nem \u0151rzi<\/strong> az elsz\u00e1ll\u00edtott j\u00e1rm\u0171vet.<\/p><p class=\"\" data-start=\"6680\" data-end=\"6878\">Minden j\u00e1rm\u0171vezet\u0151 felel\u0151s <strong data-start=\"6707\" data-end=\"6740\">a m\u00e1s j\u00e1rm\u0171ben okozott k\u00e1r\u00e9rt<\/strong>, a szervez\u0151 pedig nem felel\u0151s harmadik f\u00e9l \u00e1ltal okozott k\u00e1rok\u00e9rt.<br data-start=\"6807\" data-end=\"6810\" \/>K\u00e9rj\u00fck, az ilyen k\u00e1rokat <strong data-start=\"6835\" data-end=\"6862\">halad\u00e9ktalanul jelentsd<\/strong> a szervez\u0151knek!<\/p><p class=\"\" data-start=\"6880\" data-end=\"7086\">A NOMAD Gathering szervez\u0151je csak a hat\u00e1lyos magyar jog \u00e9s az \u00c1SZF szerinti keretek k\u00f6z\u00f6tt tartozik felel\u0151ss\u00e9ggel.<br data-start=\"6994\" data-end=\"6997\" \/>Harmadik f\u00e9l \u00e1ltal okozott k\u00e1r\u00e9rt, lop\u00e1s\u00e9rt vagy baleset\u00e9rt <strong data-start=\"7057\" data-end=\"7085\">nem vonhat\u00f3 felel\u0151ss\u00e9gre<\/strong>.<\/p><p class=\"\" data-start=\"7088\" data-end=\"7235\">A kijel\u00f6lt parkol\u00f3ban <strong data-start=\"7110\" data-end=\"7134\">biztons\u00e1gi szolg\u00e1lat<\/strong> m\u0171k\u00f6dik, amely kiz\u00e1r\u00f3lag a k\u00e1rok megel\u0151z\u00e9s\u00e9t, forgalomir\u00e1ny\u00edt\u00e1st \u00e9s biztons\u00e1gos parkol\u00e1st szolg\u00e1lja.<\/p><hr class=\"\" data-start=\"7237\" data-end=\"7240\" \/><p class=\"\" data-start=\"7242\" data-end=\"7326\">\ud83c\udf89 <strong data-start=\"7245\" data-end=\"7289\">\u00c9rezd j\u00f3l magad, \u00e9s \u00e9lvezd a fesztiv\u00e1lt!<\/strong><br data-start=\"7289\" data-end=\"7292\" \/>\ud83d\udccd <strong data-start=\"7295\" data-end=\"7326\">Budapest, 2025. \u00e1prilis 24.<\/strong><\/p>\t\t\t\t\t\t\t\t<\/div>\n\t\t\t\t<\/div>\n\t\t\t\t\t<\/div>\n\t\t\t\t<\/div>\n\t\t\t\t<\/div>\n\t\t\t\t<\/div>","protected":false},"excerpt":{"rendered":"<p>H\u00e1zirend NOMAD GATHERING 2025 H\u00e1zirend \u00e9s Parkol\u00e1si Szab\u00e1lyzat K\u00e9rj\u00fck, seg\u00edtsd el\u0151 a NOMAD Gathering ter\u00fclet\u00e9nek meg\u00f3v\u00e1s\u00e1t, valamint az esem\u00e9ny b\u00e9k\u00e9s \u00e9s probl\u00e9mamentes lebonyol\u00edt\u00e1s\u00e1t az al\u00e1bbi szab\u00e1lyok betart\u00e1s\u00e1val \u2013 a \u00c1ltal\u00e1nos Szerz\u0151d\u00e9si Felt\u00e9telek (LINK) mellett: A rendezv\u00e9ny r\u00e9sztvev\u0151inek biztons\u00e1ga \u00e9rdek\u00e9ben bizonyos t\u00e1rgyak \u00e9s eszk\u00f6z\u00f6k bevitele a fesztiv\u00e1l ter\u00fclet\u00e9re TILOS! Szigor\u00faan TILOS pirotechnikai eszk\u00f6z\u00f6k, \u00fcveged\u00e9nyek, robban\u00f3-, m\u00e9rgez\u0151- [&hellip;]<\/p>\n","protected":false},"author":1,"featured_media":0,"parent":0,"menu_order":0,"comment_status":"closed","ping_status":"closed","template":"elementor_header_footer","meta":{"footnotes":""},"class_list":["post-670","page","type-page","status-publish","hentry","entry","owp-thumbs-layout-horizontal","owp-btn-normal","owp-tabs-layout-horizontal","has-no-thumbnails","has-product-nav"],"_links":{"self":[{"href":"https:\/\/nomadgathering.com\/en\/wp-json\/wp\/v2\/pages\/670","targetHints":{"allow":["GET"]}}],"collection":[{"href":"https:\/\/nomadgathering.com\/en\/wp-json\/wp\/v2\/pages"}],"about":[{"href":"https:\/\/nomadgathering.com\/en\/wp-json\/wp\/v2\/types\/page"}],"author":[{"embeddable":true,"href":"https:\/\/nomadgathering.com\/en\/wp-json\/wp\/v2\/users\/1"}],"replies":[{"embeddable":true,"href":"https:\/\/nomadgathering.com\/en\/wp-json\/wp\/v2\/comments?post=670"}],"version-history":[{"count":10,"href":"https:\/\/nomadgathering.com\/en\/wp-json\/wp\/v2\/pages\/670\/revisions"}],"predecessor-version":[{"id":853,"href":"https:\/\/nomadgathering.com\/en\/wp-json\/wp\/v2\/pages\/670\/revisions\/853"}],"wp:attachment":[{"href":"https:\/\/nomadgathering.com\/en\/wp-json\/wp\/v2\/media?parent=670"}],"curies":[{"name":"wp","href":"https:\/\/api.w.org\/{rel}","templated":true}]}}