{"id":3,"date":"2025-03-11T13:57:00","date_gmt":"2025-03-11T13:57:00","guid":{"rendered":"https:\/\/nomadgathering.com\/?page_id=3"},"modified":"2025-11-03T07:25:46","modified_gmt":"2025-11-03T07:25:46","slug":"adatkezelesi-tajekoztato","status":"publish","type":"page","link":"https:\/\/nomadgathering.com\/en\/adatkezelesi-tajekoztato\/","title":{"rendered":"Privacy Policy"},"content":{"rendered":"\t\t<div data-elementor-type=\"wp-page\" data-elementor-id=\"3\" class=\"elementor elementor-3\" data-elementor-post-type=\"page\">\n\t\t\t\t<div class=\"elementor-element elementor-element-db9ecdc e-con-full e-flex e-con e-parent\" data-id=\"db9ecdc\" data-element_type=\"container\" data-e-type=\"container\" data-settings=\"{&quot;background_background&quot;:&quot;gradient&quot;}\">\n\t\t\t\t<div class=\"elementor-element elementor-element-ee81d05 elementor-widget elementor-widget-heading\" data-id=\"ee81d05\" data-element_type=\"widget\" data-e-type=\"widget\" data-widget_type=\"heading.default\">\n\t\t\t\t<div class=\"elementor-widget-container\">\n\t\t\t\t\t<h2 class=\"elementor-heading-title elementor-size-default\">Adatkezel\u00e9si t\u00e1j\u00e9koztat\u00f3<\/h2>\t\t\t\t<\/div>\n\t\t\t\t<\/div>\n\t\t<div class=\"elementor-element elementor-element-2e780bd e-flex e-con-boxed e-con e-child\" data-id=\"2e780bd\" data-element_type=\"container\" data-e-type=\"container\" data-settings=\"{&quot;background_background&quot;:&quot;classic&quot;}\">\n\t\t\t\t\t<div class=\"e-con-inner\">\n\t\t\t\t<div class=\"elementor-element elementor-element-d2de453 elementor-widget elementor-widget-text-editor\" data-id=\"d2de453\" data-element_type=\"widget\" data-e-type=\"widget\" data-widget_type=\"text-editor.default\">\n\t\t\t\t<div class=\"elementor-widget-container\">\n\t\t\t\t\t\t\t\t\t<h3 data-start=\"160\" data-end=\"191\"><span style=\"color: #ffffff;\"><strong data-start=\"164\" data-end=\"191\">1. Az Adatkezel\u0151 adatai<\/strong><\/span><\/h3><p data-start=\"193\" data-end=\"336\"><strong data-start=\"193\" data-end=\"213\">Adatkezel\u0151 neve:<\/strong> Klein Csaba egy\u00e9ni v\u00e1llalkoz\u00f3<br data-start=\"243\" data-end=\"246\" \/><strong data-start=\"246\" data-end=\"259\">Sz\u00e9khely:<\/strong> 1038 Budapest, \u00dajliget s\u00e9t\u00e1ny 3\/a<br data-start=\"293\" data-end=\"296\" \/><strong data-start=\"296\" data-end=\"307\">E-mail:<\/strong> contact@nomadgathering.com<\/p><h3 data-start=\"338\" data-end=\"373\"><span style=\"color: #ffffff;\"><strong data-start=\"342\" data-end=\"373\">2. Az adatkezel\u00e9s szab\u00e1lyai<\/strong><\/span><\/h3><p data-start=\"375\" data-end=\"517\"><strong data-start=\"375\" data-end=\"408\">Klein Csaba egy\u00e9ni v\u00e1llalkoz\u00f3<\/strong><br data-start=\"408\" data-end=\"411\" \/>1038 Budapest, \u00dajliget s\u00e9t\u00e1ny 3.<br data-start=\"443\" data-end=\"446\" \/>contact@nomadgathering.com<br data-start=\"472\" data-end=\"475\" \/><strong data-start=\"475\" data-end=\"503\">Adatv\u00e9delmi tisztvisel\u0151:<\/strong> Klein Csaba<\/p><p data-start=\"519\" data-end=\"601\">Jelen adatv\u00e9delmi szab\u00e1lyzat 2025. m\u00e1rcius 24. napj\u00e1t\u00f3l hat\u00e1lyos, visszavon\u00e1sig.<\/p><p data-start=\"603\" data-end=\"881\">A <strong data-start=\"605\" data-end=\"631\">www.nomadgathering.com<\/strong> weboldal (a tov\u00e1bbiakban: \u201eWeboldal\u201d) \u00fczemeltet\u0151jek\u00e9nt Klein Csaba egy\u00e9ni v\u00e1llalkoz\u00f3 ez\u00faton t\u00e1j\u00e9koztatja a l\u00e1togat\u00f3kat, hogy a Weboldallal kapcsolatban kiz\u00e1r\u00f3lag az al\u00e1bbiakban meghat\u00e1rozott Adatv\u00e9delmi Szab\u00e1lyzat szerint kezel szem\u00e9lyes adatokat.<\/p><p data-start=\"883\" data-end=\"1210\">Ez a szab\u00e1lyzat a Klein Csaba egy\u00e9ni v\u00e1llalkoz\u00f3 Adatv\u00e9delmi \u00e9s Adatbiztons\u00e1gi Szab\u00e1lyzat\u00e1n alapul, \u00e9s minden olyan adatkezel\u00e9si tev\u00e9kenys\u00e9gre kiterjed, amely a Weboldal m\u0171k\u00f6dtet\u00e9s\u00e9vel \u00f6sszef\u00fcgg\u00e9sben t\u00f6rt\u00e9nik, \u00e9s amely sor\u00e1n a 2011. \u00e9vi CXII. t\u00f6rv\u00e9ny (\u201eInfotv.\u201d) 3. \u00a7 (2) pontja szerinti szem\u00e9lyes adatok kezel\u00e9se val\u00f3sul meg.<\/p><p data-start=\"1212\" data-end=\"1307\">A szab\u00e1lyzatban haszn\u00e1lt fogalmak megegyeznek az Infotv. 3. \u00a7-\u00e1ban meghat\u00e1rozott fogalmakkal.<\/p><p data-start=\"1309\" data-end=\"1667\">Klein Csaba egy\u00e9ni v\u00e1llalkoz\u00f3 kijelenti, hogy szem\u00e9lyes adatokat kiz\u00e1r\u00f3lag jogok gyakorl\u00e1sa vagy k\u00f6telezetts\u00e9gek teljes\u00edt\u00e9se c\u00e9lj\u00e1b\u00f3l kezel. Az adatokat nem haszn\u00e1lja fel mag\u00e1nc\u00e9lra, \u00e9s minden adatkezel\u00e9s a c\u00e9lhoz k\u00f6t\u00f6tts\u00e9g elv\u00e9nek megfelel\u0151en t\u00f6rt\u00e9nik.<br data-start=\"1562\" data-end=\"1565\" \/>Ha az adatkezel\u00e9s c\u00e9lja megsz\u0171nik, vagy az adatkezel\u00e9s jogelleness\u00e9 v\u00e1lik, az adatokat t\u00f6r\u00f6lni kell.<\/p><p data-start=\"1669\" data-end=\"1794\">Szem\u00e9lyes adatok kezel\u00e9se kiz\u00e1r\u00f3lag az \u00e9rintett el\u0151zetes hozz\u00e1j\u00e1rul\u00e1s\u00e1val vagy jogszab\u00e1lyi k\u00f6telezetts\u00e9g alapj\u00e1n t\u00f6rt\u00e9nhet.<\/p><p data-start=\"1796\" data-end=\"2022\">A jelen adatv\u00e9delmi szab\u00e1lyzat c\u00e9lja, hogy Klein Csaba egy\u00e9ni v\u00e1llalkoz\u00f3 minden esetben megfelel\u0151en t\u00e1j\u00e9koztassa az \u00e9rintetteket az adatkezel\u00e9s c\u00e9lj\u00e1r\u00f3l, jogalapj\u00e1r\u00f3l \u00e9s minden l\u00e9nyeges k\u00f6r\u00fclm\u00e9nyr\u0151l az adatok megad\u00e1sa el\u0151tt.<\/p><p data-start=\"2024\" data-end=\"2148\">Az adatkezel\u00e9sben r\u00e9szt vev\u0151 munkat\u00e1rsak titoktart\u00e1si k\u00f6telezetts\u00e9g alatt \u00e1llnak, \u00e9s titoktart\u00e1si nyilatkozatot \u00edrtak al\u00e1.<\/p><p data-start=\"2150\" data-end=\"2325\">Az adatkezel\u00e9s szervezeti fel\u00e9p\u00edt\u00e9s\u00e9t \u00e9s a felel\u0151ss\u00e9gi k\u00f6r\u00f6ket az adatkezel\u0151 vezet\u0151je hat\u00e1rozza meg, \u00e9s kijel\u00f6li az adatkezel\u00e9si tev\u00e9kenys\u00e9g fel\u00fcgyelet\u00e9\u00e9rt felel\u0151s szem\u00e9lyt.<\/p><p data-start=\"2327\" data-end=\"2616\">A munkat\u00e1rsak k\u00f6telesek minden sz\u00fcks\u00e9ges int\u00e9zked\u00e9st megtenni annak \u00e9rdek\u00e9ben, hogy illet\u00e9ktelenek ne f\u00e9rhessenek hozz\u00e1 szem\u00e9lyes adatokhoz. Az adatok t\u00e1rol\u00e1sa \u00e9s elhelyez\u00e9se \u00fagy t\u00f6rt\u00e9nik, hogy azokat illet\u00e9ktelen szem\u00e9lyek ne tekinthess\u00e9k meg, ne m\u00f3dos\u00edthass\u00e1k \u00e9s ne semmis\u00edthess\u00e9k meg.<\/p><hr data-start=\"2618\" data-end=\"2621\" \/><h3 data-start=\"2623\" data-end=\"2667\"><span style=\"color: #ffffff;\"><strong data-start=\"2627\" data-end=\"2667\">3. Az \u00e9rintettek jogainak gyakorl\u00e1sa<\/strong><\/span><\/h3><p data-start=\"2669\" data-end=\"2989\">B\u00e1rmely term\u00e9szetes szem\u00e9ly, aki szem\u00e9lyes adatai alapj\u00e1n k\u00f6zvetlen\u00fcl vagy k\u00f6zvetve azonos\u00edthat\u00f3, k\u00e9rhet t\u00e1j\u00e9koztat\u00e1st szem\u00e9lyes adatai kezel\u00e9s\u00e9r\u0151l, k\u00e9rheti azok helyesb\u00edt\u00e9s\u00e9t, t\u00f6rl\u00e9s\u00e9t (amennyiben t\u00f6rv\u00e9ny m\u00e1sk\u00e9nt nem rendelkezik), vagy harmadik f\u00e9l r\u00e9sz\u00e9re t\u00f6rt\u00e9n\u0151 tov\u00e1bb\u00edt\u00e1s\u00e1t az Adatkezel\u0151 el\u00e9rhet\u0151s\u00e9gein kereszt\u00fcl.<\/p><p data-start=\"2991\" data-end=\"3163\">Klein Csaba egy\u00e9ni v\u00e1llalkoz\u00f3 a be\u00e9rkezett k\u00e9relmekre 30 napon bel\u00fcl, \u00e9rthet\u0151 form\u00e1ban \u00edr\u00e1sban v\u00e1laszol. A tiltakoz\u00e1si jog gyakorl\u00e1sa eset\u00e9n a v\u00e1laszad\u00e1si hat\u00e1rid\u0151 5 nap.<\/p><p data-start=\"3165\" data-end=\"3297\">A t\u00e1j\u00e9koztat\u00e1s kiterjed az Infotv. 15. \u00a7 (1) bekezd\u00e9s\u00e9ben meghat\u00e1rozott adatokra, kiv\u00e9ve, ha t\u00f6rv\u00e9ny az adatok k\u00f6zl\u00e9s\u00e9t megtiltja.<\/p><p data-start=\"3299\" data-end=\"3423\">A t\u00e1j\u00e9koztat\u00e1s f\u0151szab\u00e1ly szerint d\u00edjmentes. K\u00f6lts\u00e9gt\u00e9r\u00edt\u00e9s csak az Infotv. 15. \u00a7 (5) bekezd\u00e9se szerinti esetekben k\u00e9rhet\u0151.<\/p><p data-start=\"3425\" data-end=\"3602\">Az Adatkezel\u0151 a k\u00e9relmet csak az Infotv. 9. \u00a7 (1) vagy 19. \u00a7-\u00e1ban meghat\u00e1rozott indokok alapj\u00e1n utas\u00edthatja el, \u00e9s az elutas\u00edt\u00e1st \u00edr\u00e1sban, indokl\u00e1ssal egy\u00fctt kell megk\u00fcldenie.<\/p><p data-start=\"3604\" data-end=\"3796\">Ha az adat pontatlan, \u00e9s rendelkez\u00e9sre \u00e1ll a helyes adat, az adatot az illet\u00e9kes szervezeti egys\u00e9g vezet\u0151je helyesb\u00edti. Ha az Infotv. 17. \u00a7 (2) felt\u00e9telei fenn\u00e1llnak, az adatot t\u00f6r\u00f6lni kell.<\/p><p data-start=\"3798\" data-end=\"4096\">Amennyiben az \u00e9rintett tiltakozik az adatkezel\u00e9s ellen, az adatkezel\u00e9st az adatkezel\u0151 legfeljebb 5 napra felf\u00fcggeszti a d\u00f6nt\u00e9s meghozatal\u00e1ig. A d\u00f6nt\u00e9sr\u0151l az \u00e9rintettet t\u00e1j\u00e9koztatni kell az Infotv. 21. \u00a7 (2) alapj\u00e1n. Ha a tiltakoz\u00e1s megalapozott, az adatkezel\u0151 az Infotv. 21. \u00a7 (3) szerint j\u00e1r el.<\/p><p data-start=\"4098\" data-end=\"4390\">Az adatkezel\u0151 k\u00f6teles megt\u00e9r\u00edteni azokat a k\u00e1rokat, amelyeket jogellenes adatkezel\u00e9ssel vagy adatbiztons\u00e1gi incidenssel okoz, bele\u00e9rtve a nem vagyoni (erk\u00f6lcsi) k\u00e1rt\u00e9r\u00edt\u00e9st is. Mentes\u00fcl a felel\u0151ss\u00e9g al\u00f3l, ha bizony\u00edtja, hogy a k\u00e1rt elh\u00e1r\u00edthatatlan, az adatkezel\u00e9sen k\u00edv\u00fcl es\u0151 ok id\u00e9zte el\u0151.<\/p><p data-start=\"4392\" data-end=\"4547\">Az \u00e9rintett panaszt tehet a <strong data-start=\"4420\" data-end=\"4484\">Nemzeti Adatv\u00e9delmi \u00e9s Inform\u00e1ci\u00f3szabads\u00e1g Hat\u00f3s\u00e1gn\u00e1l (NAIH)<\/strong>:<br data-start=\"4485\" data-end=\"4488\" \/>1024 Budapest, Szil\u00e1gyi Erzs\u00e9bet fasor 22\/C<br data-start=\"4531\" data-end=\"4534\" \/><a class=\"decorated-link\" href=\"http:\/\/www.naih.hu\" target=\"_new\" rel=\"noopener\" data-start=\"4534\" data-end=\"4545\">www.naih.hu<\/a><\/p><p data-start=\"4549\" data-end=\"4605\"><strong data-start=\"4549\" data-end=\"4574\">Az adatkezel\u00e9s helye:<\/strong> 1031 Budapest, N\u00e1n\u00e1si \u00fat 39.<\/p><hr data-start=\"4607\" data-end=\"4610\" \/><h3 data-start=\"4612\" data-end=\"4647\"><span style=\"color: #ffffff;\"><strong data-start=\"4616\" data-end=\"4647\">4. Adatkezel\u00e9s a weboldalon<\/strong><\/span><\/h3><h4 data-start=\"4649\" data-end=\"4682\"><span style=\"color: #ffffff;\"><strong data-start=\"4654\" data-end=\"4682\">4.1. Weboldal haszn\u00e1lata<\/strong><\/span><\/h4><p data-start=\"4684\" data-end=\"4796\">A weboldal b\u00e1rki sz\u00e1m\u00e1ra el\u00e9rhet\u0151 an\u00e9lk\u00fcl, hogy szem\u00e9lyazonoss\u00e1g\u00e1t felfedn\u00e9, vagy szem\u00e9lyes adatokat adna meg.<\/p><p data-start=\"4798\" data-end=\"4957\">Ugyanakkor a l\u00e1togat\u00f3k eszk\u00f6z\u00e9r\u0151l automatikusan gy\u0171jthet\u0151k nem szem\u00e9lyes adatok (p\u00e9ld\u00e1ul technikai statisztikai adatok), amelyek nem alkalmasak azonos\u00edt\u00e1sra.<\/p><p data-start=\"4959\" data-end=\"5241\">A weboldalon a Google Analytics szolg\u00e1ltat\u00e1s m\u0171k\u00f6dik, amely cookie-kat (s\u00fctiket) haszn\u00e1l a l\u00e1togat\u00f3i viselked\u00e9s elemz\u00e9s\u00e9re.<br data-start=\"5082\" data-end=\"5085\" \/>A cookie \u00e1ltal gener\u00e1lt inform\u00e1ci\u00f3k (bele\u00e9rtve az IP-c\u00edmet is) az Egyes\u00fclt \u00c1llamokban tal\u00e1lhat\u00f3 Google szerverekre ker\u00fclnek tov\u00e1bb\u00edt\u00e1sra \u00e9s ott t\u00e1rol\u00e1sra.<\/p><p data-start=\"5243\" data-end=\"5438\">A Google nem kapcsolja \u00f6ssze ezeket az adatokat m\u00e1s t\u00e1rolt inform\u00e1ci\u00f3kkal, \u00edgy jelenleg szem\u00e9lyes adatkezel\u00e9snek nem min\u0151s\u00fcl.<br data-start=\"5368\" data-end=\"5371\" \/>A l\u00e1togat\u00f3k a b\u00f6ng\u00e9sz\u0151j\u00fckben letilthatj\u00e1k a cookie-k haszn\u00e1lat\u00e1t.<\/p><p data-start=\"5440\" data-end=\"5528\">A weboldal haszn\u00e1lat\u00e1val a l\u00e1togat\u00f3 hozz\u00e1j\u00e1rul az adatok fentiek szerinti kezel\u00e9s\u00e9hez.<\/p><hr data-start=\"5530\" data-end=\"5533\" \/><h4 data-start=\"5535\" data-end=\"5566\"><span style=\"color: #ffffff;\"><strong data-start=\"5540\" data-end=\"5566\">4.2. Kapcsolatfelv\u00e9tel<\/strong><\/span><\/h4><p data-start=\"5568\" data-end=\"5755\">A weboldalon kereszt\u00fcl kapcsolatfelv\u00e9teli \u0171rlap \u00e1ll rendelkez\u00e9sre.<br data-start=\"5634\" data-end=\"5637\" \/>Az \u00fczenet csak akkor k\u00fcldhet\u0151 el, ha a l\u00e1togat\u00f3 a jel\u00f6l\u0151n\u00e9gyzet bejel\u00f6l\u00e9s\u00e9vel elfogadja az adatkezel\u00e9si szab\u00e1lyokat.<\/p><p data-start=\"5757\" data-end=\"6065\"><strong data-start=\"5757\" data-end=\"5783\">Adatkezel\u00e9s jogalapja:<\/strong> az \u00e9rintett hozz\u00e1j\u00e1rul\u00e1sa [Infotv. 5. \u00a7 (1) a) pont, 6. \u00a7 (6) bekezd\u00e9s]<br data-start=\"5855\" data-end=\"5858\" \/><strong data-start=\"5858\" data-end=\"5868\">C\u00e9lja:<\/strong> kapcsolatfelv\u00e9tel \u00e9s kommunik\u00e1ci\u00f3<br data-start=\"5902\" data-end=\"5905\" \/><strong data-start=\"5905\" data-end=\"5928\">Kezelt adatok k\u00f6re:<\/strong> n\u00e9v, e-mail c\u00edm, telefonsz\u00e1m, t\u00e1rgy, \u00fczenet tartalma<br data-start=\"5981\" data-end=\"5984\" \/><strong data-start=\"5984\" data-end=\"6002\">Meg\u0151rz\u00e9si id\u0151:<\/strong> a kommunik\u00e1ci\u00f3 lez\u00e1rult\u00e1ig<br data-start=\"6029\" data-end=\"6032\" \/><strong data-start=\"6032\" data-end=\"6050\">T\u00e1rol\u00e1s m\u00f3dja:<\/strong> elektronikus<\/p><hr data-start=\"6067\" data-end=\"6070\" \/><h3 data-start=\"6072\" data-end=\"6115\"><span style=\"color: #ffffff;\"><strong data-start=\"6076\" data-end=\"6115\">5. Az itt nem szab\u00e1lyozott k\u00e9rd\u00e9sek<\/strong><\/span><\/h3><p data-start=\"6117\" data-end=\"6216\">Az Adatkezel\u00e9si Szab\u00e1lyzatban nem szab\u00e1lyozott k\u00e9rd\u00e9sekben az Infotv. rendelkez\u00e9sei az ir\u00e1nyad\u00f3k.<\/p><p data-start=\"6218\" data-end=\"6408\">A szab\u00e1lyzat c\u00e9lja, hogy meghat\u00e1rozza az adatkezel\u0151 \u00e1ltal alkalmazott adatv\u00e9delmi elveket, \u00e9s biztos\u00edtsa az \u00e9rintettek jogainak tiszteletben tart\u00e1s\u00e1t minden adatkezel\u00e9si tev\u00e9kenys\u00e9g sor\u00e1n.<\/p><p data-start=\"6410\" data-end=\"6470\">Az adatkezel\u0151 a k\u00f6vetkez\u0151 jogszab\u00e1lyokat veszi figyelembe:<\/p><ul data-start=\"6471\" data-end=\"6708\"><li data-start=\"6471\" data-end=\"6564\"><p data-start=\"6473\" data-end=\"6564\">2011. \u00e9vi CXII. t\u00f6rv\u00e9ny az inform\u00e1ci\u00f3s \u00f6nrendelkez\u00e9si jogr\u00f3l \u00e9s az inform\u00e1ci\u00f3szabads\u00e1gr\u00f3l<\/p><\/li><li data-start=\"6565\" data-end=\"6625\"><ol start=\"2001\" data-start=\"6567\" data-end=\"6625\"><li data-start=\"6567\" data-end=\"6625\"><p data-start=\"6573\" data-end=\"6625\">\u00e9vi CVIII. t\u00f6rv\u00e9ny az elektronikus kereskedelemr\u0151l<\/p><\/li><\/ol><\/li><li data-start=\"6626\" data-end=\"6708\"><ol start=\"2008\" data-start=\"6628\" data-end=\"6708\"><li data-start=\"6628\" data-end=\"6708\"><p data-start=\"6634\" data-end=\"6708\">\u00e9vi XLVIII. t\u00f6rv\u00e9ny a gazdas\u00e1gi rekl\u00e1mtev\u00e9kenys\u00e9g alapvet\u0151 felt\u00e9teleir\u0151l<\/p><\/li><\/ol><\/li><\/ul><p data-start=\"6710\" data-end=\"6820\">Az adatkezel\u0151 a <strong data-start=\"6726\" data-end=\"6752\">www.nomadgathering.com<\/strong> weboldalon kereszt\u00fcl gy\u0171jt\u00f6tt \u00f6sszes szem\u00e9lyes adat adatkezel\u0151je.<\/p><p data-start=\"6822\" data-end=\"6860\">Az adatkezel\u00e9s c\u00e9ljai t\u00f6bbek k\u00f6z\u00f6tt:<\/p><ul data-start=\"6861\" data-end=\"7036\"><li data-start=\"6861\" data-end=\"6914\"><p data-start=\"6863\" data-end=\"6914\">a weboldal l\u00e1togatotts\u00e1g\u00e1nak statisztikai m\u00e9r\u00e9se,<\/p><\/li><li data-start=\"6915\" data-end=\"6971\"><p data-start=\"6917\" data-end=\"6971\">az \u00fcgyfelekkel val\u00f3 kapcsolattart\u00e1s \u00e9s t\u00e1j\u00e9koztat\u00e1s,<\/p><\/li><li data-start=\"6972\" data-end=\"7036\"><p data-start=\"6974\" data-end=\"7036\">a szolg\u00e1ltat\u00e1sokkal kapcsolatos k\u00f6telezetts\u00e9gek teljes\u00edt\u00e9se.<\/p><\/li><\/ul><p data-start=\"7038\" data-end=\"7144\">A jelen szab\u00e1lyzat elv\u00e1laszthatatlan r\u00e9sze a Weboldalon el\u00e9rhet\u0151 <strong data-start=\"7103\" data-end=\"7141\">Felhaszn\u00e1l\u00e1si felt\u00e9teleknek (\u00c1SZF)<\/strong>.<\/p><hr data-start=\"7146\" data-end=\"7149\" \/><h3 data-start=\"7151\" data-end=\"7187\"><span style=\"color: #ffffff;\"><strong data-start=\"7155\" data-end=\"7187\">6. Az adatkezel\u00e9s id\u0151tartama<\/strong><\/span><\/h3><p data-start=\"7189\" data-end=\"7369\">A szem\u00e9lyes adatok kezel\u00e9se a szolg\u00e1ltat\u00e1s teljes\u00edt\u00e9s\u00e9ig vagy a hozz\u00e1j\u00e1rul\u00e1s visszavon\u00e1s\u00e1ig tart.<br data-start=\"7286\" data-end=\"7289\" \/>T\u00f6rl\u00e9sre az \u00e9rintett k\u00e9relm\u00e9nek k\u00e9zhezv\u00e9tel\u00e9t k\u00f6vet\u0151 10 napon bel\u00fcl ker\u00fcl sor.<\/p><p data-start=\"7371\" data-end=\"7512\">Jogellenes adatkezel\u00e9s vagy vissza\u00e9l\u00e9s eset\u00e9n az adatkezel\u0151 jogosult az adatokat azonnal t\u00f6r\u00f6lni, illetve meg\u0151rizni a jogi elj\u00e1r\u00e1s idej\u00e9re.<\/p><hr data-start=\"7514\" data-end=\"7517\" \/><h3 data-start=\"7519\" data-end=\"7570\"><span style=\"color: #ffffff;\"><strong data-start=\"7523\" data-end=\"7570\">7. A szem\u00e9lyes adatok m\u00f3dos\u00edt\u00e1sa \u00e9s t\u00f6rl\u00e9se<\/strong><\/span><\/h3><p data-start=\"7572\" data-end=\"7762\">A szem\u00e9lyes adatok m\u00f3dos\u00edt\u00e1sa vagy t\u00f6rl\u00e9se \u00edr\u00e1sban k\u00e9rhet\u0151 az adatkezel\u0151 el\u00e9rhet\u0151s\u00e9gein.<br data-start=\"7660\" data-end=\"7663\" \/>A h\u00edrlev\u00e9lr\u0151l val\u00f3 leiratkoz\u00e1s a weboldalon is el\u00e9rhet\u0151.<br data-start=\"7719\" data-end=\"7722\" \/>A t\u00f6r\u00f6lt adatok nem \u00e1ll\u00edthat\u00f3k vissza.<\/p><hr data-start=\"7764\" data-end=\"7767\" \/><h3 data-start=\"7769\" data-end=\"7795\"><span style=\"color: #ffffff;\"><strong data-start=\"7773\" data-end=\"7795\">8. Adatfeldolgoz\u00e1s<\/strong><\/span><\/h3><p data-start=\"7797\" data-end=\"7893\">Az adatkezel\u0151 nem vesz ig\u00e9nybe k\u00fcls\u0151 adatfeldolgoz\u00f3t; minden adatkezel\u00e9s h\u00e1zon bel\u00fcl t\u00f6rt\u00e9nik.<\/p><hr data-start=\"7895\" data-end=\"7898\" \/><h3 data-start=\"7900\" data-end=\"7925\"><span style=\"color: #ffffff;\"><strong data-start=\"7904\" data-end=\"7925\">9. Adattov\u00e1bb\u00edt\u00e1s<\/strong><\/span><\/h3><p data-start=\"7927\" data-end=\"8100\">Az adatkezel\u0151 jogszab\u00e1lyi k\u00f6telezetts\u00e9g alapj\u00e1n jogosult \u00e9s k\u00f6teles adatot tov\u00e1bb\u00edtani a hat\u00f3s\u00e1goknak.<br data-start=\"8029\" data-end=\"8032\" \/>Az ilyen adattov\u00e1bb\u00edt\u00e1s\u00e9rt az adatkezel\u0151 nem vonhat\u00f3 felel\u0151ss\u00e9gre.<\/p><hr data-start=\"8102\" data-end=\"8105\" \/><h3 data-start=\"8107\" data-end=\"8155\"><span style=\"color: #ffffff;\"><strong data-start=\"8111\" data-end=\"8155\">10. Az Adatv\u00e9delmi Szab\u00e1lyzat m\u00f3dos\u00edt\u00e1sa<\/strong><\/span><\/h3><p data-start=\"8157\" data-end=\"8391\"><span style=\"color: #ffffff;\">Az adatkezel\u0151 fenntartja a jogot, hogy a szab\u00e1lyzatot b\u00e1rmikor egyoldal\u00faan m\u00f3dos\u00edtsa.<\/span><br data-start=\"8242\" data-end=\"8245\" \/><span style=\"color: #ffffff;\">A m\u00f3dos\u00edt\u00e1sr\u00f3l az \u00e9rintetteket megfelel\u0151en t\u00e1j\u00e9koztatja.<\/span><br data-start=\"8301\" data-end=\"8304\" \/><span style=\"color: #ffffff;\">A szolg\u00e1ltat\u00e1s tov\u00e1bbi haszn\u00e1lat\u00e1val az \u00e9rintett a m\u00f3dos\u00edtott szab\u00e1lyzatot elfogadja.<\/span><\/p><hr data-start=\"8393\" data-end=\"8396\" \/><h3 data-start=\"8398\" data-end=\"8429\"><span style=\"color: #ffffff;\"><strong data-start=\"8402\" data-end=\"8429\">11. Az \u00e9rintettek jogai<\/strong><\/span><\/h3><p data-start=\"8431\" data-end=\"8628\"><span style=\"color: #ffffff;\">Az \u00e9rintett b\u00e1rmikor k\u00e9rhet t\u00e1j\u00e9koztat\u00e1st, helyesb\u00edt\u00e9st, t\u00f6rl\u00e9st vagy z\u00e1rol\u00e1st az adatkezel\u0151 \u00e1ltal kezelt adatair\u00f3l.<\/span><br data-start=\"8547\" data-end=\"8550\" \/><span style=\"color: #ffffff;\">Elektronikus k\u00e9relem csak az \u00e9rintett regisztr\u00e1lt e-mail c\u00edm\u00e9r\u0151l elfogadott.<\/span><\/p><p data-start=\"8630\" data-end=\"8688\"><span style=\"color: #ffffff;\">Az adatkezel\u0151 30 napon bel\u00fcl, \u00e9rthet\u0151 form\u00e1ban v\u00e1laszol.<\/span><\/p><hr data-start=\"8690\" data-end=\"8693\" \/><h3 data-start=\"8695\" data-end=\"8718\"><span style=\"color: #ffffff;\"><strong data-start=\"8699\" data-end=\"8718\">12. Jogorvoslat<\/strong><\/span><\/h3><p data-start=\"8720\" data-end=\"8946\"><span style=\"color: #ffffff;\">Az \u00e9rintett jogorvoslattal \u00e9lhet az Infotv. \u00e9s a Polg\u00e1ri T\u00f6rv\u00e9nyk\u00f6nyv alapj\u00e1n, valamint panasszal \u00e9lhet a <strong data-start=\"8826\" data-end=\"8883\">Nemzeti Adatv\u00e9delmi \u00e9s Inform\u00e1ci\u00f3szabads\u00e1g Hat\u00f3s\u00e1gn\u00e1l<\/strong>:<\/span><br data-start=\"8884\" data-end=\"8887\" \/><span style=\"color: #ffffff;\">www.naih.hu<\/span><br data-start=\"8898\" data-end=\"8901\" \/><span style=\"color: #ffffff;\">1125 Budapest, Szil\u00e1gyi Erzs\u00e9bet fasor 22\/c<\/span><\/p><p data-start=\"8948\" data-end=\"8979\"><span style=\"color: #ffffff;\"><strong data-start=\"8948\" data-end=\"8979\">Budapest, 2025. m\u00e1rcius 24.<\/strong><\/span><\/p>\t\t\t\t\t\t\t\t<\/div>\n\t\t\t\t<\/div>\n\t\t\t\t\t<\/div>\n\t\t\t\t<\/div>\n\t\t\t\t<\/div>\n\t\t\t\t<\/div>\n\t\t","protected":false},"excerpt":{"rendered":"<p>Adatkezel\u00e9si t\u00e1j\u00e9koztat\u00f3 1. Az Adatkezel\u0151 adatai Adatkezel\u0151 neve: Klein Csaba egy\u00e9ni v\u00e1llalkoz\u00f3Sz\u00e9khely: 1038 Budapest, \u00dajliget s\u00e9t\u00e1ny 3\/aE-mail: contact@nomadgathering.com 2. Az adatkezel\u00e9s szab\u00e1lyai Klein Csaba egy\u00e9ni v\u00e1llalkoz\u00f31038 Budapest, \u00dajliget s\u00e9t\u00e1ny 3.contact@nomadgathering.comAdatv\u00e9delmi tisztvisel\u0151: Klein Csaba Jelen adatv\u00e9delmi szab\u00e1lyzat 2025. m\u00e1rcius 24. napj\u00e1t\u00f3l hat\u00e1lyos, visszavon\u00e1sig. A www.nomadgathering.com weboldal (a tov\u00e1bbiakban: \u201eWeboldal\u201d) \u00fczemeltet\u0151jek\u00e9nt Klein Csaba egy\u00e9ni v\u00e1llalkoz\u00f3 ez\u00faton t\u00e1j\u00e9koztatja [&hellip;]<\/p>\n","protected":false},"author":1,"featured_media":0,"parent":0,"menu_order":0,"comment_status":"closed","ping_status":"closed","template":"elementor_header_footer","meta":{"footnotes":""},"class_list":["post-3","page","type-page","status-publish","hentry","entry","owp-thumbs-layout-horizontal","owp-btn-normal","owp-tabs-layout-horizontal","has-no-thumbnails","has-product-nav"],"_links":{"self":[{"href":"https:\/\/nomadgathering.com\/en\/wp-json\/wp\/v2\/pages\/3","targetHints":{"allow":["GET"]}}],"collection":[{"href":"https:\/\/nomadgathering.com\/en\/wp-json\/wp\/v2\/pages"}],"about":[{"href":"https:\/\/nomadgathering.com\/en\/wp-json\/wp\/v2\/types\/page"}],"author":[{"embeddable":true,"href":"https:\/\/nomadgathering.com\/en\/wp-json\/wp\/v2\/users\/1"}],"replies":[{"embeddable":true,"href":"https:\/\/nomadgathering.com\/en\/wp-json\/wp\/v2\/comments?post=3"}],"version-history":[{"count":23,"href":"https:\/\/nomadgathering.com\/en\/wp-json\/wp\/v2\/pages\/3\/revisions"}],"predecessor-version":[{"id":3186,"href":"https:\/\/nomadgathering.com\/en\/wp-json\/wp\/v2\/pages\/3\/revisions\/3186"}],"wp:attachment":[{"href":"https:\/\/nomadgathering.com\/en\/wp-json\/wp\/v2\/media?parent=3"}],"curies":[{"name":"wp","href":"https:\/\/api.w.org\/{rel}","templated":true}]}}