{"id":27,"date":"2025-03-11T14:23:30","date_gmt":"2025-03-11T14:23:30","guid":{"rendered":"https:\/\/nomadgathering.com\/?page_id=27"},"modified":"2025-04-07T16:36:32","modified_gmt":"2025-04-07T16:36:32","slug":"useful","status":"publish","type":"page","link":"https:\/\/nomadgathering.com\/en\/useful\/","title":{"rendered":"Useful"},"content":{"rendered":"<div data-elementor-type=\"wp-page\" data-elementor-id=\"27\" class=\"elementor elementor-27\" data-elementor-post-type=\"page\">\n\t\t\t\t<div class=\"elementor-element elementor-element-6c1241b e-con-full e-flex e-con e-parent\" data-id=\"6c1241b\" data-element_type=\"container\" data-e-type=\"container\" data-settings=\"{&quot;background_background&quot;:&quot;gradient&quot;}\">\n\t\t\t\t<div class=\"elementor-element elementor-element-0aecc84 elementor-widget elementor-widget-heading\" data-id=\"0aecc84\" data-element_type=\"widget\" data-e-type=\"widget\" data-widget_type=\"heading.default\">\n\t\t\t\t<div class=\"elementor-widget-container\">\n\t\t\t\t\t<h2 class=\"elementor-heading-title elementor-size-default\">Useful information in one place<\/h2>\t\t\t\t<\/div>\n\t\t\t\t<\/div>\n\t\t<div class=\"elementor-element elementor-element-da76e0b e-flex e-con-boxed e-con e-child\" data-id=\"da76e0b\" data-element_type=\"container\" data-e-type=\"container\" data-settings=\"{&quot;background_background&quot;:&quot;classic&quot;}\">\n\t\t\t\t\t<div class=\"e-con-inner\">\n\t\t\t\t<div class=\"elementor-element elementor-element-1401a6e elementor-widget elementor-widget-heading\" data-id=\"1401a6e\" data-element_type=\"widget\" data-e-type=\"widget\" data-widget_type=\"heading.default\">\n\t\t\t\t<div class=\"elementor-widget-container\">\n\t\t\t\t\t<h2 class=\"elementor-heading-title elementor-size-default\"><p>BEFORE WRITING, PLEASE READ THE FOLLOWING CAREFULLY, YOU WILL ALMOST CERTAINLY FIND THE ANSWER TO YOUR QUESTION.<br><\/p><\/h2>\t\t\t\t<\/div>\n\t\t\t\t<\/div>\n\t\t\t\t<div class=\"elementor-element elementor-element-64d4a2a elementor-widget elementor-widget-heading\" data-id=\"64d4a2a\" data-element_type=\"widget\" data-e-type=\"widget\" data-widget_type=\"heading.default\">\n\t\t\t\t<div class=\"elementor-widget-container\">\n\t\t\t\t\t<h2 class=\"elementor-heading-title elementor-size-default\">The date of the event<\/h2>\t\t\t\t<\/div>\n\t\t\t\t<\/div>\n\t\t\t\t<div class=\"elementor-element elementor-element-376f89e elementor-widget elementor-widget-text-editor\" data-id=\"376f89e\" data-element_type=\"widget\" data-e-type=\"widget\" data-widget_type=\"text-editor.default\">\n\t\t\t\t<div class=\"elementor-widget-container\">\n\t\t\t\t\t\t\t\t\t<p>Opening date: Tuesday, 21th August, 2025 at 10 a.m.\u00a0<\/p><p>The Event will end at 14:00 on Sunday, 24th August, 2025.<\/p>\t\t\t\t\t\t\t\t<\/div>\n\t\t\t\t<\/div>\n\t\t\t\t<div class=\"elementor-element elementor-element-e0f223f elementor-widget elementor-widget-heading\" data-id=\"e0f223f\" data-element_type=\"widget\" data-e-type=\"widget\" data-widget_type=\"heading.default\">\n\t\t\t\t<div class=\"elementor-widget-container\">\n\t\t\t\t\t<h2 class=\"elementor-heading-title elementor-size-default\">Location of the event<\/h2>\t\t\t\t<\/div>\n\t\t\t\t<\/div>\n\t\t\t\t<div class=\"elementor-element elementor-element-aa2b9e0 elementor-widget elementor-widget-text-editor\" data-id=\"aa2b9e0\" data-element_type=\"widget\" data-e-type=\"widget\" data-widget_type=\"text-editor.default\">\n\t\t\t\t<div class=\"elementor-widget-container\">\n\t\t\t\t\t\t\t\t\t<p>The exact address is Playa Luna: <strong>HUNGARY,<\/strong> <a href=\"https:\/\/www.google.com\/maps\/place\/Papaitavak\/@47.3485527,17.4065288,970m\/data=!3m2!1e3!4b1!4m6!3m5!1s0x476961ecb4784afb:0x171bf8dae41ed6a4!8m2!3d47.3485527!4d17.4091091!16s%2Fg%2F11h8gqpmck?entry=ttu&amp;g_ep=EgoyMDI1MDMzMC4wIKXMDSoASAFQAw%3D%3D\"><b>P\u00e1pa<\/b><strong> (Lake Papa) \u2013 8500 P\u00e1pa, M\u00e1tyush\u00e1za puszta 1.<\/strong><\/a><\/p><p>Waze: <a href=\"https:\/\/ul.waze.com\/ul?place=ChIJ-0p4tOxhaUcRpNYe5Nr4Gxc&amp;ll=47.34855270%2C17.40910910&amp;navigate=yes&amp;utm_campaign=default&amp;utm_source=waze_website&amp;utm_medium=lm_share_location\">P\u00e1paitavak<\/a><\/p><p>Google Maps: <a href=\"https:\/\/maps.app.goo.gl\/n9HuosLPoWznZWJX6\">P\u00e1paitavak<\/a><\/p><p>Apple Maps: <a href=\"https:\/\/maps.apple.com\/?ll=47.348764,17.409166&amp;q=M%C3%A1tyush%C3%A1za%20puszta%20%E2%80%94%20P%C3%A1pa&amp;spn=0.009455,0.014441&amp;t=m\">P\u00e1paitavak<\/a><\/p>\t\t\t\t\t\t\t\t<\/div>\n\t\t\t\t<\/div>\n\t\t\t\t<div class=\"elementor-element elementor-element-d48c399 elementor-widget elementor-widget-heading\" data-id=\"d48c399\" data-element_type=\"widget\" data-e-type=\"widget\" data-widget_type=\"heading.default\">\n\t\t\t\t<div class=\"elementor-widget-container\">\n\t\t\t\t\t<h2 class=\"elementor-heading-title elementor-size-default\">Entries<\/h2>\t\t\t\t<\/div>\n\t\t\t\t<\/div>\n\t\t\t\t<div class=\"elementor-element elementor-element-d5caaf7 elementor-widget elementor-widget-text-editor\" data-id=\"d5caaf7\" data-element_type=\"widget\" data-e-type=\"widget\" data-widget_type=\"text-editor.default\">\n\t\t\t\t<div class=\"elementor-widget-container\">\n\t\t\t\t\t\t\t\t\t<p>We are offering a single type of pass for the event, which is valid for the entire duration of the NOMAD Gathering: from Thursday, August 21, 2024, at 10:00 AM to Sunday, August 24, 2024, at 2:00 PM.<\/p><p>Children under the age of 14 may attend the event free of charge under parental supervision.<\/p><p>The number of guests at the NOMAD Gathering is limited to 500 people.<\/p><p>Admission includes camping in the Event area and IFA.<\/p>\t\t\t\t\t\t\t\t<\/div>\n\t\t\t\t<\/div>\n\t\t\t\t<div class=\"elementor-element elementor-element-c20d9df elementor-widget elementor-widget-heading\" data-id=\"c20d9df\" data-element_type=\"widget\" data-e-type=\"widget\" data-widget_type=\"heading.default\">\n\t\t\t\t<div class=\"elementor-widget-container\">\n\t\t\t\t\t<h2 class=\"elementor-heading-title elementor-size-default\">Parking<\/h2>\t\t\t\t<\/div>\n\t\t\t\t<\/div>\n\t\t\t\t<div class=\"elementor-element elementor-element-6c91cb7 elementor-widget elementor-widget-text-editor\" data-id=\"6c91cb7\" data-element_type=\"widget\" data-e-type=\"widget\" data-widget_type=\"text-editor.default\">\n\t\t\t\t<div class=\"elementor-widget-container\">\n\t\t\t\t\t\t\t\t\t<p>Parking with cars is only allowed in the designated parking area outside the event premises. Driving into the event premises, even for sleeping purposes, is not permitted. Vehicle traffic is STRICTLY PROHIBITED throughout the entire event area.<\/p>\t\t\t\t\t\t\t\t<\/div>\n\t\t\t\t<\/div>\n\t\t\t\t<div class=\"elementor-element elementor-element-4047be7 elementor-widget elementor-widget-heading\" data-id=\"4047be7\" data-element_type=\"widget\" data-e-type=\"widget\" data-widget_type=\"heading.default\">\n\t\t\t\t<div class=\"elementor-widget-container\">\n\t\t\t\t\t<h2 class=\"elementor-heading-title elementor-size-default\">Infrastrukture<\/h2>\t\t\t\t<\/div>\n\t\t\t\t<\/div>\n\t\t\t\t<div class=\"elementor-element elementor-element-ba54d89 elementor-widget elementor-widget-text-editor\" data-id=\"ba54d89\" data-element_type=\"widget\" data-e-type=\"widget\" data-widget_type=\"text-editor.default\">\n\t\t\t\t<div class=\"elementor-widget-container\">\n\t\t\t\t\t\t\t\t\t<p>There is no tobacco shop or ATM on the festival grounds, so it is advisable to prepare accordingly.<br \/><br \/>The nearest facilities to the event area are located in P\u00e1pa: grocery store, tobacco shop, pharmacy, and ATM.<br \/><br \/>There is no Wi-Fi service on-site, and the mobile signal is weak.<\/p>\t\t\t\t\t\t\t\t<\/div>\n\t\t\t\t<\/div>\n\t\t\t\t<div class=\"elementor-element elementor-element-1041d5d elementor-widget elementor-widget-heading\" data-id=\"1041d5d\" data-element_type=\"widget\" data-e-type=\"widget\" data-widget_type=\"heading.default\">\n\t\t\t\t<div class=\"elementor-widget-container\">\n\t\t\t\t\t<h2 class=\"elementor-heading-title elementor-size-default\">Shower, toilet<\/h2>\t\t\t\t<\/div>\n\t\t\t\t<\/div>\n\t\t\t\t<div class=\"elementor-element elementor-element-66c9dc4 elementor-widget elementor-widget-text-editor\" data-id=\"66c9dc4\" data-element_type=\"widget\" data-e-type=\"widget\" data-widget_type=\"text-editor.default\">\n\t\t\t\t<div class=\"elementor-widget-container\">\n\t\t\t\t\t\t\t\t\t<p>There are toilets and cold-water showers located within the camping area and near the event venues.<\/p>\t\t\t\t\t\t\t\t<\/div>\n\t\t\t\t<\/div>\n\t\t\t\t<div class=\"elementor-element elementor-element-6604efd elementor-widget elementor-widget-heading\" data-id=\"6604efd\" data-element_type=\"widget\" data-e-type=\"widget\" data-widget_type=\"heading.default\">\n\t\t\t\t<div class=\"elementor-widget-container\">\n\t\t\t\t\t<h2 class=\"elementor-heading-title elementor-size-default\">Food Court<\/h2>\t\t\t\t<\/div>\n\t\t\t\t<\/div>\n\t\t\t\t<div class=\"elementor-element elementor-element-d97b11a elementor-widget elementor-widget-text-editor\" data-id=\"d97b11a\" data-element_type=\"widget\" data-e-type=\"widget\" data-widget_type=\"text-editor.default\">\n\t\t\t\t<div class=\"elementor-widget-container\">\n\t\t\t\t\t\t\t\t\t<p>In the food court, in the spirit of environmental awareness, vendors do not provide disposable plates, utensils, or cups with food and drinks. Therefore, we kindly ask you to bring your own tableware and cup, which the vendors can use to serve your food and drink. If you don\u2019t have such equipment, you can purchase high-quality plastic plates and stainless steel cutlery sets on-site for 1500 HUF per set, or 2000 HUF per set including a cup.<\/p>\t\t\t\t\t\t\t\t<\/div>\n\t\t\t\t<\/div>\n\t\t\t\t<div class=\"elementor-element elementor-element-c351ca8 elementor-widget elementor-widget-heading\" data-id=\"c351ca8\" data-element_type=\"widget\" data-e-type=\"widget\" data-widget_type=\"heading.default\">\n\t\t\t\t<div class=\"elementor-widget-container\">\n\t\t\t\t\t<h2 class=\"elementor-heading-title elementor-size-default\">If you\u2019re staying in a tent<\/h2>\t\t\t\t<\/div>\n\t\t\t\t<\/div>\n\t\t\t\t<div class=\"elementor-element elementor-element-adc7a3f elementor-widget elementor-widget-text-editor\" data-id=\"adc7a3f\" data-element_type=\"widget\" data-e-type=\"widget\" data-widget_type=\"text-editor.default\">\n\t\t\t\t<div class=\"elementor-widget-container\">\n\t\t\t\t\t\t\t\t\t<p>We indicate the designated camping areas on the event grounds and the map, where you can find quieter but more distant spots as well as closer and noisier locations. If you arrive with a camper, you will be able to park in a separate area.<\/p>\t\t\t\t\t\t\t\t<\/div>\n\t\t\t\t<\/div>\n\t\t\t\t<div class=\"elementor-element elementor-element-08521bd elementor-widget elementor-widget-heading\" data-id=\"08521bd\" data-element_type=\"widget\" data-e-type=\"widget\" data-widget_type=\"heading.default\">\n\t\t\t\t<div class=\"elementor-widget-container\">\n\t\t\t\t\t<h2 class=\"elementor-heading-title elementor-size-default\">P\u00e1pai Lakes - playa luna:<\/h2>\t\t\t\t<\/div>\n\t\t\t\t<\/div>\n\t\t\t\t<div class=\"elementor-element elementor-element-cad3242 elementor-widget elementor-widget-text-editor\" data-id=\"cad3242\" data-element_type=\"widget\" data-e-type=\"widget\" data-widget_type=\"text-editor.default\">\n\t\t\t\t<div class=\"elementor-widget-container\">\n\t\t\t\t\t\t\t\t\t<p>The festival area \u2013 Playa Luna \u2013 is a true earthly paradise, and we would like to build and beautify this place with our presence, not destroy it! Our hosts also live on the premises, and a closed bridge leads to their area. Please respect their privacy!<br \/>\u2022 Do not enter areas marked \u201cSTAFF ONLY.\u201d<br \/>\u2022 Do not pick anything from the garden without asking!<br \/>\u2022 Swimming in the lake is allowed only from sunrise to sunset, at your own risk. (There is no lifeguard by the lake, so please take care of your own and others\u2019 physical safety!)<br \/>\u2022 Do not harm the trees; take care of the plants and the rare birds that may appear!<br \/>\u2022 Dispose of trash in the designated bins placed around the area.<br \/>\u2022 Lighting fires is STRICTLY PROHIBITED throughout the entire area! (There will be a fire at the designated fire pit on the Beach.)<\/p>\t\t\t\t\t\t\t\t<\/div>\n\t\t\t\t<\/div>\n\t\t\t\t<div class=\"elementor-element elementor-element-77e1166 elementor-widget elementor-widget-heading\" data-id=\"77e1166\" data-element_type=\"widget\" data-e-type=\"widget\" data-widget_type=\"heading.default\">\n\t\t\t\t<div class=\"elementor-widget-container\">\n\t\t\t\t\t<h2 class=\"elementor-heading-title elementor-size-default\">CHILDREN<\/h2>\t\t\t\t<\/div>\n\t\t\t\t<\/div>\n\t\t\t\t<div class=\"elementor-element elementor-element-60aa970 elementor-widget elementor-widget-text-editor\" data-id=\"60aa970\" data-element_type=\"widget\" data-e-type=\"widget\" data-widget_type=\"text-editor.default\">\n\t\t\t\t<div class=\"elementor-widget-container\">\n\t\t\t\t\t\t\t\t\t<p>Children and minors under the age of 14 may attend the Event only under parental supervision. Upon entry, we kindly ask you to present a photo ID. Admission is free for children under 14, but please note that no childcare services will be provided on-site.<\/p>\t\t\t\t\t\t\t\t<\/div>\n\t\t\t\t<\/div>\n\t\t\t\t<div class=\"elementor-element elementor-element-db5db6c elementor-widget elementor-widget-heading\" data-id=\"db5db6c\" data-element_type=\"widget\" data-e-type=\"widget\" data-widget_type=\"heading.default\">\n\t\t\t\t<div class=\"elementor-widget-container\">\n\t\t\t\t\t<h2 class=\"elementor-heading-title elementor-size-default\">Pets<\/h2>\t\t\t\t<\/div>\n\t\t\t\t<\/div>\n\t\t\t\t<div class=\"elementor-element elementor-element-b78346b elementor-widget elementor-widget-text-editor\" data-id=\"b78346b\" data-element_type=\"widget\" data-e-type=\"widget\" data-widget_type=\"text-editor.default\">\n\t\t\t\t<div class=\"elementor-widget-container\">\n\t\t\t\t\t\t\t\t\t<p>Of course, we warmly welcome pets alongside their owners at the Event.<br \/>Please ensure that the area remains clean afterward and that your pet does not disturb other Visitors in any way. If any issues arise (e.g., tearing up trash, attacking people or other dogs, stealing food from tables, barking unnecessarily, causing disturbance or fear), you will be required to keep your pet on a leash moving forward. If your pet causes any damage, you will be responsible for compensating it.<br \/>Make sure to bring their vaccination booklet with you.<\/p>\t\t\t\t\t\t\t\t<\/div>\n\t\t\t\t<\/div>\n\t\t\t\t<div class=\"elementor-element elementor-element-a7d79dd elementor-widget elementor-widget-heading\" data-id=\"a7d79dd\" data-element_type=\"widget\" data-e-type=\"widget\" data-widget_type=\"heading.default\">\n\t\t\t\t<div class=\"elementor-widget-container\">\n\t\t\t\t\t<h2 class=\"elementor-heading-title elementor-size-default\">Contact<\/h2>\t\t\t\t<\/div>\n\t\t\t\t<\/div>\n\t\t\t\t<div class=\"elementor-element elementor-element-c2ec661 elementor-widget elementor-widget-text-editor\" data-id=\"c2ec661\" data-element_type=\"widget\" data-e-type=\"widget\" data-widget_type=\"text-editor.default\">\n\t\t\t\t<div class=\"elementor-widget-container\">\n\t\t\t\t\t\t\t\t\t<p><strong><a href=\"mailto:contact@nomadgathering.com\">contact@nomadgathering.com<\/a><\/strong><\/p>\t\t\t\t\t\t\t\t<\/div>\n\t\t\t\t<\/div>\n\t\t\t\t<div class=\"elementor-element elementor-element-68d7da9 elementor-widget elementor-widget-heading\" data-id=\"68d7da9\" data-element_type=\"widget\" data-e-type=\"widget\" data-widget_type=\"heading.default\">\n\t\t\t\t<div class=\"elementor-widget-container\">\n\t\t\t\t\t<h2 class=\"elementor-heading-title elementor-size-default\">Thank you for reading through! We look forward to welcoming you and wish you a great time!<\/h2>\t\t\t\t<\/div>\n\t\t\t\t<\/div>\n\t\t\t\t\t<\/div>\n\t\t\t\t<\/div>\n\t\t\t\t<\/div>\n\t\t\t\t<\/div>","protected":false},"excerpt":{"rendered":"<p>Useful information in one place BEFORE WRITING, PLEASE READ THE FOLLOWING CAREFULLY, YOU WILL ALMOST CERTAINLY FIND THE ANSWER TO YOUR QUESTION. The date of the event Opening date: Tuesday, 21th August, 2025 at 10 a.m.\u00a0 The Event will end at 14:00 on Sunday, 24th August, 2025. Location of the event The exact address is [&hellip;]<\/p>\n","protected":false},"author":1,"featured_media":0,"parent":0,"menu_order":0,"comment_status":"closed","ping_status":"closed","template":"elementor_header_footer","meta":{"footnotes":""},"class_list":["post-27","page","type-page","status-publish","hentry","entry","owp-thumbs-layout-horizontal","owp-btn-normal","owp-tabs-layout-horizontal","has-no-thumbnails","has-product-nav"],"_links":{"self":[{"href":"https:\/\/nomadgathering.com\/en\/wp-json\/wp\/v2\/pages\/27","targetHints":{"allow":["GET"]}}],"collection":[{"href":"https:\/\/nomadgathering.com\/en\/wp-json\/wp\/v2\/pages"}],"about":[{"href":"https:\/\/nomadgathering.com\/en\/wp-json\/wp\/v2\/types\/page"}],"author":[{"embeddable":true,"href":"https:\/\/nomadgathering.com\/en\/wp-json\/wp\/v2\/users\/1"}],"replies":[{"embeddable":true,"href":"https:\/\/nomadgathering.com\/en\/wp-json\/wp\/v2\/comments?post=27"}],"version-history":[{"count":73,"href":"https:\/\/nomadgathering.com\/en\/wp-json\/wp\/v2\/pages\/27\/revisions"}],"predecessor-version":[{"id":1087,"href":"https:\/\/nomadgathering.com\/en\/wp-json\/wp\/v2\/pages\/27\/revisions\/1087"}],"wp:attachment":[{"href":"https:\/\/nomadgathering.com\/en\/wp-json\/wp\/v2\/media?parent=27"}],"curies":[{"name":"wp","href":"https:\/\/api.w.org\/{rel}","templated":true}]}}