{"id":2608,"date":"2025-07-28T13:01:19","date_gmt":"2025-07-28T13:01:19","guid":{"rendered":"https:\/\/nomadgathering.com\/?page_id=2608"},"modified":"2025-08-20T15:21:14","modified_gmt":"2025-08-20T15:21:14","slug":"healing-garden-program","status":"publish","type":"page","link":"https:\/\/nomadgathering.com\/en\/healing-garden-program\/","title":{"rendered":"Healing Garden program"},"content":{"rendered":"<div data-elementor-type=\"wp-page\" data-elementor-id=\"2608\" class=\"elementor elementor-2608\" data-elementor-post-type=\"page\">\n\t\t\t\t<div class=\"elementor-element elementor-element-1b7b06c e-con-full e-flex e-con e-parent\" data-id=\"1b7b06c\" data-element_type=\"container\" data-e-type=\"container\" data-settings=\"{&quot;background_background&quot;:&quot;gradient&quot;}\">\n\t\t\t\t<div class=\"elementor-element elementor-element-0ca0043 elementor-widget elementor-widget-heading\" data-id=\"0ca0043\" data-element_type=\"widget\" data-e-type=\"widget\" data-widget_type=\"heading.default\">\n\t\t\t\t<div class=\"elementor-widget-container\">\n\t\t\t\t\t<h2 class=\"elementor-heading-title elementor-size-default\">Healing Garden<\/h2>\t\t\t\t<\/div>\n\t\t\t\t<\/div>\n\t\t\t\t<div class=\"elementor-element elementor-element-d0e396f elementor-widget elementor-widget-heading\" data-id=\"d0e396f\" data-element_type=\"widget\" data-e-type=\"widget\" data-widget_type=\"heading.default\">\n\t\t\t\t<div class=\"elementor-widget-container\">\n\t\t\t\t\t<h2 class=\"elementor-heading-title elementor-size-default\">program<\/h2>\t\t\t\t<\/div>\n\t\t\t\t<\/div>\n\t\t<div class=\"elementor-element elementor-element-9394b7f e-flex e-con-boxed e-con e-child\" data-id=\"9394b7f\" data-element_type=\"container\" data-e-type=\"container\" data-settings=\"{&quot;background_background&quot;:&quot;classic&quot;}\">\n\t\t\t\t\t<div class=\"e-con-inner\">\n\t\t\t\t<div class=\"elementor-element elementor-element-bccd55d elementor-widget elementor-widget-text-editor\" data-id=\"bccd55d\" data-element_type=\"widget\" data-e-type=\"widget\" data-widget_type=\"text-editor.default\">\n\t\t\t\t<div class=\"elementor-widget-container\">\n\t\t\t\t\t\t\t\t\t<p>Egyes kezel\u00e9sek helysz\u00edni regisztr\u00e1ci\u00f3hoz k\u00f6t\u00f6ttek.<br \/>Egy\u00e9ni kezel\u00e9sek a Tipi s\u00e1trakban: Spirit of Daya: Osho Tarot elemz\u00e9s, Kura Dani: Yumeiho massz\u00e1zs, Hangay Niki: Tarot workshop, N\u00e9liaHolistica: Womb Healing Nelli N\u0151knek m\u00e9hgy\u00f3gy\u00edt\u00f3 szertart\u00e1s (8 N\u0151\/ alkalom), Manaman: Tibetian Sound Healing (hangt\u00e1las gy\u00f3gy\u00edt\u00e1s)\u00a0<\/p>\t\t\t\t\t\t\t\t<\/div>\n\t\t\t\t<\/div>\n\t\t\t\t\t<\/div>\n\t\t\t\t<\/div>\n\t\t\t\t<\/div>\n\t\t\t\t<\/div>","protected":false},"excerpt":{"rendered":"<p>Healing Garden program Nap Id\u0151pont Program 08.21. Cs\u00fct\u00f6rt\u00f6k 14:00-15:30 Azya Dance and Meditation &#8211; Frank Szabina: Inner child 16:00-17:30 Moln\u00e1r Leila: Bels\u0151 utaz\u00e1s a sz\u00edv\u00fcnk fel\u00e9 18:00-19:00 Kiszter Szilvia, Szuly Krist\u00f3f &#8211; T\u00e1rskapcsolatok \u00e9s asszertivit\u00e1s (interakt\u00edv besz\u00e9lget\u00e9s) 19:30-22:00 Ujfalussy D\u00e1niel &#8211; Meztelen Rap\u00e9 szertart\u00e1s 08.22. P\u00e9ntek 08:00-09:30 Dob\u00e1k Eszti &#8211; Szomatikus Hatha J\u00f3ga 10:00-12:30 Ujfalussy [&hellip;]<\/p>\n","protected":false},"author":2,"featured_media":0,"parent":0,"menu_order":0,"comment_status":"closed","ping_status":"closed","template":"elementor_header_footer","meta":{"footnotes":""},"class_list":["post-2608","page","type-page","status-publish","hentry","entry","owp-thumbs-layout-horizontal","owp-btn-normal","owp-tabs-layout-horizontal","has-no-thumbnails","has-product-nav"],"_links":{"self":[{"href":"https:\/\/nomadgathering.com\/en\/wp-json\/wp\/v2\/pages\/2608","targetHints":{"allow":["GET"]}}],"collection":[{"href":"https:\/\/nomadgathering.com\/en\/wp-json\/wp\/v2\/pages"}],"about":[{"href":"https:\/\/nomadgathering.com\/en\/wp-json\/wp\/v2\/types\/page"}],"author":[{"embeddable":true,"href":"https:\/\/nomadgathering.com\/en\/wp-json\/wp\/v2\/users\/2"}],"replies":[{"embeddable":true,"href":"https:\/\/nomadgathering.com\/en\/wp-json\/wp\/v2\/comments?post=2608"}],"version-history":[{"count":31,"href":"https:\/\/nomadgathering.com\/en\/wp-json\/wp\/v2\/pages\/2608\/revisions"}],"predecessor-version":[{"id":3079,"href":"https:\/\/nomadgathering.com\/en\/wp-json\/wp\/v2\/pages\/2608\/revisions\/3079"}],"wp:attachment":[{"href":"https:\/\/nomadgathering.com\/en\/wp-json\/wp\/v2\/media?parent=2608"}],"curies":[{"name":"wp","href":"https:\/\/api.w.org\/{rel}","templated":true}]}}