{"id":2592,"date":"2025-07-28T12:54:33","date_gmt":"2025-07-28T12:54:33","guid":{"rendered":"https:\/\/nomadgathering.com\/?page_id=2592"},"modified":"2025-08-10T18:29:47","modified_gmt":"2025-08-10T18:29:47","slug":"movements-program","status":"publish","type":"page","link":"https:\/\/nomadgathering.com\/en\/movements-program\/","title":{"rendered":"Movements program"},"content":{"rendered":"<div data-elementor-type=\"wp-page\" data-elementor-id=\"2592\" class=\"elementor elementor-2592\" data-elementor-post-type=\"page\">\n\t\t\t\t<div class=\"elementor-element elementor-element-1b7b06c e-con-full e-flex e-con e-parent\" data-id=\"1b7b06c\" data-element_type=\"container\" data-e-type=\"container\" data-settings=\"{&quot;background_background&quot;:&quot;gradient&quot;}\">\n\t\t\t\t<div class=\"elementor-element elementor-element-0ca0043 elementor-widget elementor-widget-heading\" data-id=\"0ca0043\" data-element_type=\"widget\" data-e-type=\"widget\" data-widget_type=\"heading.default\">\n\t\t\t\t<div class=\"elementor-widget-container\">\n\t\t\t\t\t<h2 class=\"elementor-heading-title elementor-size-default\">Movements<\/h2>\t\t\t\t<\/div>\n\t\t\t\t<\/div>\n\t\t\t\t<div class=\"elementor-element elementor-element-d0e396f elementor-widget elementor-widget-heading\" data-id=\"d0e396f\" data-element_type=\"widget\" data-e-type=\"widget\" data-widget_type=\"heading.default\">\n\t\t\t\t<div class=\"elementor-widget-container\">\n\t\t\t\t\t<h2 class=\"elementor-heading-title elementor-size-default\">program<\/h2>\t\t\t\t<\/div>\n\t\t\t\t<\/div>\n\t\t<div class=\"elementor-element elementor-element-9394b7f e-flex e-con-boxed e-con e-child\" data-id=\"9394b7f\" data-element_type=\"container\" data-e-type=\"container\" data-settings=\"{&quot;background_background&quot;:&quot;classic&quot;}\">\n\t\t\t\t\t<div class=\"e-con-inner\">\n\t\t\t\t\t<\/div>\n\t\t\t\t<\/div>\n\t\t\t\t<\/div>\n\t\t\t\t<\/div>","protected":false},"excerpt":{"rendered":"<p>Movements program Nap Id\u0151pont Program 08.21. Cs\u00fct\u00f6rt\u00f6k 12:45 &#8211; 14:30 Endre &#038; Fl\u00f3ra &#8211; Sound-movement Ritual 15:00 &#8211; 16:45 Hoffer Szilvi &#8211; Testtudat f\u00f3kusz\u00fa workshop 17:30 &#8211; 19:15 Paint and dance Konr\u00e1ddal \u00e9s Orsival 19:30 &#8211; 21:00 Czombos Krist\u00f3f &#8211; Bodyway Max. 30 f\u0151 21:15 &#8211; 22:45 Landegaard &#8211; Ecstatic Dance 08.22. P\u00e9ntek 09:00 &#8211; [&hellip;]<\/p>\n","protected":false},"author":2,"featured_media":0,"parent":0,"menu_order":0,"comment_status":"closed","ping_status":"closed","template":"elementor_header_footer","meta":{"footnotes":""},"class_list":["post-2592","page","type-page","status-publish","hentry","entry","owp-thumbs-layout-horizontal","owp-btn-normal","owp-tabs-layout-horizontal","has-no-thumbnails","has-product-nav"],"_links":{"self":[{"href":"https:\/\/nomadgathering.com\/en\/wp-json\/wp\/v2\/pages\/2592","targetHints":{"allow":["GET"]}}],"collection":[{"href":"https:\/\/nomadgathering.com\/en\/wp-json\/wp\/v2\/pages"}],"about":[{"href":"https:\/\/nomadgathering.com\/en\/wp-json\/wp\/v2\/types\/page"}],"author":[{"embeddable":true,"href":"https:\/\/nomadgathering.com\/en\/wp-json\/wp\/v2\/users\/2"}],"replies":[{"embeddable":true,"href":"https:\/\/nomadgathering.com\/en\/wp-json\/wp\/v2\/comments?post=2592"}],"version-history":[{"count":37,"href":"https:\/\/nomadgathering.com\/en\/wp-json\/wp\/v2\/pages\/2592\/revisions"}],"predecessor-version":[{"id":2879,"href":"https:\/\/nomadgathering.com\/en\/wp-json\/wp\/v2\/pages\/2592\/revisions\/2879"}],"wp:attachment":[{"href":"https:\/\/nomadgathering.com\/en\/wp-json\/wp\/v2\/media?parent=2592"}],"curies":[{"name":"wp","href":"https:\/\/api.w.org\/{rel}","templated":true}]}}