{"id":2584,"date":"2025-07-28T12:48:00","date_gmt":"2025-07-28T12:48:00","guid":{"rendered":"https:\/\/nomadgathering.com\/?page_id=2584"},"modified":"2025-07-28T12:49:47","modified_gmt":"2025-07-28T12:49:47","slug":"main-stage-program-2","status":"publish","type":"page","link":"https:\/\/nomadgathering.com\/en\/main-stage-program-2\/","title":{"rendered":"Main stage program"},"content":{"rendered":"<div data-elementor-type=\"wp-page\" data-elementor-id=\"2584\" class=\"elementor elementor-2584\" data-elementor-post-type=\"page\">\n\t\t\t\t<div class=\"elementor-element elementor-element-1b7b06c e-con-full e-flex e-con e-parent\" data-id=\"1b7b06c\" data-element_type=\"container\" data-e-type=\"container\" data-settings=\"{&quot;background_background&quot;:&quot;gradient&quot;}\">\n\t\t\t\t<div class=\"elementor-element elementor-element-0ca0043 elementor-widget elementor-widget-heading\" data-id=\"0ca0043\" data-element_type=\"widget\" data-e-type=\"widget\" data-widget_type=\"heading.default\">\n\t\t\t\t<div class=\"elementor-widget-container\">\n\t\t\t\t\t<h2 class=\"elementor-heading-title elementor-size-default\">Main Stage<\/h2>\t\t\t\t<\/div>\n\t\t\t\t<\/div>\n\t\t\t\t<div class=\"elementor-element elementor-element-d0e396f elementor-widget elementor-widget-heading\" data-id=\"d0e396f\" data-element_type=\"widget\" data-e-type=\"widget\" data-widget_type=\"heading.default\">\n\t\t\t\t<div class=\"elementor-widget-container\">\n\t\t\t\t\t<h2 class=\"elementor-heading-title elementor-size-default\">program<\/h2>\t\t\t\t<\/div>\n\t\t\t\t<\/div>\n\t\t<div class=\"elementor-element elementor-element-9394b7f e-flex e-con-boxed e-con e-child\" data-id=\"9394b7f\" data-element_type=\"container\" data-e-type=\"container\" data-settings=\"{&quot;background_background&quot;:&quot;classic&quot;}\">\n\t\t\t\t\t<div class=\"e-con-inner\">\n\t\t\t\t\t<\/div>\n\t\t\t\t<\/div>\n\t\t\t\t<\/div>\n\t\t\t\t<\/div>","protected":false},"excerpt":{"rendered":"<p>Main Stage program Id\u0151pont Cs\u00fct\u00f6rt\u00f6k (08.21.) P\u00e9ntek (08.22.) Szombat (08.23.) Vas\u00e1rnap (08.24.) 10:00 &#8211; 12:00 Sacral Eklektik &#8211; Hybrid soundbath Sacral Eklektik &#8211; Hybrid soundbath Sacral Eklektik &#8211; Hybrid soundbath Sacral Eklektik &#8211; Hybrid soundbath 12:00 &#8211; 14:00 Schiipman Szenka Landegaard Lunar Phase 14:00 &#8211; 16:00 Schumi Urban Vinyl Obadu 16:00 &#8211; 18:00 SavaBorsa Wizarts [&hellip;]<\/p>\n","protected":false},"author":2,"featured_media":0,"parent":0,"menu_order":0,"comment_status":"closed","ping_status":"closed","template":"elementor_header_footer","meta":{"footnotes":""},"class_list":["post-2584","page","type-page","status-publish","hentry","entry","owp-thumbs-layout-horizontal","owp-btn-normal","owp-tabs-layout-horizontal","has-no-thumbnails","has-product-nav"],"_links":{"self":[{"href":"https:\/\/nomadgathering.com\/en\/wp-json\/wp\/v2\/pages\/2584","targetHints":{"allow":["GET"]}}],"collection":[{"href":"https:\/\/nomadgathering.com\/en\/wp-json\/wp\/v2\/pages"}],"about":[{"href":"https:\/\/nomadgathering.com\/en\/wp-json\/wp\/v2\/types\/page"}],"author":[{"embeddable":true,"href":"https:\/\/nomadgathering.com\/en\/wp-json\/wp\/v2\/users\/2"}],"replies":[{"embeddable":true,"href":"https:\/\/nomadgathering.com\/en\/wp-json\/wp\/v2\/comments?post=2584"}],"version-history":[{"count":4,"href":"https:\/\/nomadgathering.com\/en\/wp-json\/wp\/v2\/pages\/2584\/revisions"}],"predecessor-version":[{"id":2588,"href":"https:\/\/nomadgathering.com\/en\/wp-json\/wp\/v2\/pages\/2584\/revisions\/2588"}],"wp:attachment":[{"href":"https:\/\/nomadgathering.com\/en\/wp-json\/wp\/v2\/media?parent=2584"}],"curies":[{"name":"wp","href":"https:\/\/api.w.org\/{rel}","templated":true}]}}