{"id":241,"date":"2025-03-14T13:59:19","date_gmt":"2025-03-14T13:59:19","guid":{"rendered":"https:\/\/nomadgathering.com\/?page_id=241"},"modified":"2025-08-16T16:00:34","modified_gmt":"2025-08-16T16:00:34","slug":"hasznos","status":"publish","type":"page","link":"https:\/\/nomadgathering.com\/en\/hasznos\/","title":{"rendered":"Hasznos"},"content":{"rendered":"<div data-elementor-type=\"wp-page\" data-elementor-id=\"241\" class=\"elementor elementor-241\" data-elementor-post-type=\"page\">\n\t\t\t\t<div class=\"elementor-element elementor-element-3e7f953 e-con-full e-flex e-con e-parent\" data-id=\"3e7f953\" data-element_type=\"container\" data-e-type=\"container\" data-settings=\"{&quot;background_background&quot;:&quot;gradient&quot;}\">\n\t\t\t\t<div class=\"elementor-element elementor-element-aa04f1a elementor-widget elementor-widget-heading\" data-id=\"aa04f1a\" data-element_type=\"widget\" data-e-type=\"widget\" data-widget_type=\"heading.default\">\n\t\t\t\t<div class=\"elementor-widget-container\">\n\t\t\t\t\t<h2 class=\"elementor-heading-title elementor-size-default\">Useful information in one place<\/h2>\t\t\t\t<\/div>\n\t\t\t\t<\/div>\n\t\t<div class=\"elementor-element elementor-element-55ed21f e-flex e-con-boxed e-con e-child\" data-id=\"55ed21f\" data-element_type=\"container\" data-e-type=\"container\" data-settings=\"{&quot;background_background&quot;:&quot;classic&quot;}\">\n\t\t\t\t\t<div class=\"e-con-inner\">\n\t\t\t\t<div class=\"elementor-element elementor-element-29d57ff elementor-widget elementor-widget-heading\" data-id=\"29d57ff\" data-element_type=\"widget\" data-e-type=\"widget\" data-widget_type=\"heading.default\">\n\t\t\t\t<div class=\"elementor-widget-container\">\n\t\t\t\t\t<h2 class=\"elementor-heading-title elementor-size-default\"><p>PLEASE READ THIS CAREFULLY BEFORE WRITING TO US \u2013 YOU\u2019LL ALMOST CERTAINLY FIND THE ANSWER TO YOUR QUESTION BELOW!<br><\/p><\/h2>\t\t\t\t<\/div>\n\t\t\t\t<\/div>\n\t\t\t\t<div class=\"elementor-element elementor-element-cbcafa3 elementor-widget elementor-widget-heading\" data-id=\"cbcafa3\" data-element_type=\"widget\" data-e-type=\"widget\" data-widget_type=\"heading.default\">\n\t\t\t\t<div class=\"elementor-widget-container\">\n\t\t\t\t\t<h2 class=\"elementor-heading-title elementor-size-default\">EVENT DATE<\/h2>\t\t\t\t<\/div>\n\t\t\t\t<\/div>\n\t\t\t\t<div class=\"elementor-element elementor-element-c694605 elementor-widget elementor-widget-text-editor\" data-id=\"c694605\" data-element_type=\"widget\" data-e-type=\"widget\" data-widget_type=\"text-editor.default\">\n\t\t\t\t<div class=\"elementor-widget-container\">\n\t\t\t\t\t\t\t\t\t<p>Gates open:\u00a0<\/p><p>Event ends:<\/p>\t\t\t\t\t\t\t\t<\/div>\n\t\t\t\t<\/div>\n\t\t\t\t<div class=\"elementor-element elementor-element-9acec7f elementor-widget elementor-widget-heading\" data-id=\"9acec7f\" data-element_type=\"widget\" data-e-type=\"widget\" data-widget_type=\"heading.default\">\n\t\t\t\t<div class=\"elementor-widget-container\">\n\t\t\t\t\t<h2 class=\"elementor-heading-title elementor-size-default\">EVENT LOCATIONS<\/h2>\t\t\t\t<\/div>\n\t\t\t\t<\/div>\n\t\t\t\t<div class=\"elementor-element elementor-element-6fd7cdf elementor-widget elementor-widget-text-editor\" data-id=\"6fd7cdf\" data-element_type=\"widget\" data-e-type=\"widget\" data-widget_type=\"text-editor.default\">\n\t\t\t\t<div class=\"elementor-widget-container\">\n\t\t\t\t\t\t\t\t\t<p>Exact address: <a href=\"https:\/\/www.google.com\/maps\/place\/Papaitavak\/@47.3485527,17.4065288,970m\/data=!3m2!1e3!4b1!4m6!3m5!1s0x476961ecb4784afb:0x171bf8dae41ed6a4!8m2!3d47.3485527!4d17.4091091!16s%2Fg%2F11h8gqpmck?entry=ttu&amp;g_ep=EgoyMDI1MDMzMC4wIKXMDSoASAFQAw%3D%3D\"><b>P\u00e1pa<\/b><strong> (p\u00e1pai tavak) \u2013 8500 P\u00e1pa, M\u00e1tyush\u00e1za puszta 1.<\/strong><\/a><\/p><p>Waze: <span style=\"text-decoration: underline;\"><a href=\"https:\/\/www.waze.com\/hu\/live-map\/directions\/playa-luna-matyushaza-puszta-papa?navigate=yes&amp;utm_campaign=default&amp;utm_source=waze_website&amp;utm_medium=lm_share_location&amp;to=place.w.11403737.114102911.15766064\">P\u00e1paitavak<\/a><\/span><\/p><p>Google Maps: <span style=\"text-decoration: underline;\"><a href=\"https:\/\/www.google.com\/maps\/place\/\/@47.3485563,17.4065342,1124m\/data=!3m2!1e3!4b1?entry=ttu&amp;g_ep=EgoyMDI1MDgxMy4wIKXMDSoASAFQAw%3D%3D\">P\u00e1paitavak<\/a><\/span><\/p><p>Apple Maps: <span style=\"text-decoration: underline;\"><a href=\"https:\/\/maps.apple.com\/place?spn=0.009455%2C0.014441&amp;map=explore&amp;address=8500+P%C3%A1pa%2C+M%C3%A1tyush%C3%A1za+puszta+1.%2C+P%C3%A1pai+j%C3%A1r%C3%A1s%2C+Magyarorsz%C3%A1g&amp;coordinate=47.348764%2C17.409166&amp;name=M%C3%A1tyush%C3%A1za+puszta+%E2%80%94+P%C3%A1pa\">P\u00e1paitavak<\/a><\/span><\/p>\t\t\t\t\t\t\t\t<\/div>\n\t\t\t\t<\/div>\n\t\t\t\t<div class=\"elementor-element elementor-element-f9a67de elementor-widget elementor-widget-heading\" data-id=\"f9a67de\" data-element_type=\"widget\" data-e-type=\"widget\" data-widget_type=\"heading.default\">\n\t\t\t\t<div class=\"elementor-widget-container\">\n\t\t\t\t\t<h2 class=\"elementor-heading-title elementor-size-default\">TICKETS<\/h2>\t\t\t\t<\/div>\n\t\t\t\t<\/div>\n\t\t\t\t<div class=\"elementor-element elementor-element-e06d941 elementor-widget elementor-widget-text-editor\" data-id=\"e06d941\" data-element_type=\"widget\" data-e-type=\"widget\" data-widget_type=\"text-editor.default\">\n\t\t\t\t<div class=\"elementor-widget-container\">\n\t\t\t\t\t\t\t\t\t<p>We offer a single type of pass, valid for the entire duration of the NOMAD Gathering: from Thursday, August 21, 2025, at 10:00 AM until Sunday, August 24, 2025, at 2:00 PM.<\/p><p>Children under 14 years of age may attend the event free of charge under parental supervision.<\/p><p><strong>The number of guests for the NOMAD Gathering is limited to 500 people.\u00a0<\/strong><\/p>\t\t\t\t\t\t\t\t<\/div>\n\t\t\t\t<\/div>\n\t\t\t\t<div class=\"elementor-element elementor-element-753f2ef elementor-widget elementor-widget-heading\" data-id=\"753f2ef\" data-element_type=\"widget\" data-e-type=\"widget\" data-widget_type=\"heading.default\">\n\t\t\t\t<div class=\"elementor-widget-container\">\n\t\t\t\t\t<h2 class=\"elementor-heading-title elementor-size-default\">Parking:<\/h2>\t\t\t\t<\/div>\n\t\t\t\t<\/div>\n\t\t\t\t<div class=\"elementor-element elementor-element-93527dc elementor-widget elementor-widget-text-editor\" data-id=\"93527dc\" data-element_type=\"widget\" data-e-type=\"widget\" data-widget_type=\"text-editor.default\">\n\t\t\t\t<div class=\"elementor-widget-container\">\n\t\t\t\t\t\t\t\t\t<p>Parking is available outside the event area in the designated parking lot.\nDriving vehicles into the event area is strictly prohibited, even for the purpose of sleeping in a car.<\/p>\t\t\t\t\t\t\t\t<\/div>\n\t\t\t\t<\/div>\n\t\t\t\t<div class=\"elementor-element elementor-element-9acfe64 elementor-widget elementor-widget-heading\" data-id=\"9acfe64\" data-element_type=\"widget\" data-e-type=\"widget\" data-widget_type=\"heading.default\">\n\t\t\t\t<div class=\"elementor-widget-container\">\n\t\t\t\t\t<h2 class=\"elementor-heading-title elementor-size-default\">INFRASTRUCTURE<\/h2>\t\t\t\t<\/div>\n\t\t\t\t<\/div>\n\t\t\t\t<div class=\"elementor-element elementor-element-5d67c55 elementor-widget elementor-widget-text-editor\" data-id=\"5d67c55\" data-element_type=\"widget\" data-e-type=\"widget\" data-widget_type=\"text-editor.default\">\n\t\t\t\t<div class=\"elementor-widget-container\">\n\t\t\t\t\t\t\t\t\t<p>There are no tobacco shops <b>or ATMs<\/b>on the festival grounds, so please be prepared accordingly.<\/p><p>The nearest grocery store, tobacco shop, pharmacy <b>and ATM<\/b> can be found in P\u00e1pa.\u00a0<\/p><p>There is no <b>Wi-Fi on site,<\/b>\u00a0and mobile signal coverage is weak.<\/p>\t\t\t\t\t\t\t\t<\/div>\n\t\t\t\t<\/div>\n\t\t\t\t<div class=\"elementor-element elementor-element-4ad7035 elementor-widget elementor-widget-heading\" data-id=\"4ad7035\" data-element_type=\"widget\" data-e-type=\"widget\" data-widget_type=\"heading.default\">\n\t\t\t\t<div class=\"elementor-widget-container\">\n\t\t\t\t\t<h2 class=\"elementor-heading-title elementor-size-default\">Showers and toilets:<\/h2>\t\t\t\t<\/div>\n\t\t\t\t<\/div>\n\t\t\t\t<div class=\"elementor-element elementor-element-01dcfb1 elementor-widget elementor-widget-text-editor\" data-id=\"01dcfb1\" data-element_type=\"widget\" data-e-type=\"widget\" data-widget_type=\"text-editor.default\">\n\t\t\t\t<div class=\"elementor-widget-container\">\n\t\t\t\t\t\t\t\t\t<p>There are toilets and cold-water showers at the event site and near the venues.<\/p>\t\t\t\t\t\t\t\t<\/div>\n\t\t\t\t<\/div>\n\t\t\t\t<div class=\"elementor-element elementor-element-06b1441 elementor-widget elementor-widget-heading\" data-id=\"06b1441\" data-element_type=\"widget\" data-e-type=\"widget\" data-widget_type=\"heading.default\">\n\t\t\t\t<div class=\"elementor-widget-container\">\n\t\t\t\t\t<h2 class=\"elementor-heading-title elementor-size-default\">Food court:<\/h2>\t\t\t\t<\/div>\n\t\t\t\t<\/div>\n\t\t\t\t<div class=\"elementor-element elementor-element-5739fa8 elementor-widget elementor-widget-text-editor\" data-id=\"5739fa8\" data-element_type=\"widget\" data-e-type=\"widget\" data-widget_type=\"text-editor.default\">\n\t\t\t\t<div class=\"elementor-widget-container\">\n\t\t\t\t\t\t\t\t\t<p>In the food court, as part of our environmental awareness efforts, vendors do not provide disposable plates, cutlery or cups for food and drinks. Therefore we ask that <b>bring your own tableware and cup<\/b>, so that the vendors can serve you the food and drink in it. If you don't have such equipment, you can buy a high-quality plastic plate and a stainless steel cutlery set on site for 1,500\u00a0Ft per set, and with a cup added for 2,000\u00a0Ft per set.\u00a0<\/p><p><strong>It is forbidden to bring alcohol into the event area.<\/strong><\/p>\t\t\t\t\t\t\t\t<\/div>\n\t\t\t\t<\/div>\n\t\t\t\t<div class=\"elementor-element elementor-element-7e122ab elementor-widget elementor-widget-heading\" data-id=\"7e122ab\" data-element_type=\"widget\" data-e-type=\"widget\" data-widget_type=\"heading.default\">\n\t\t\t\t<div class=\"elementor-widget-container\">\n\t\t\t\t\t<h2 class=\"elementor-heading-title elementor-size-default\">If you are camping:<\/h2>\t\t\t\t<\/div>\n\t\t\t\t<\/div>\n\t\t\t\t<div class=\"elementor-element elementor-element-def11ce elementor-widget elementor-widget-text-editor\" data-id=\"def11ce\" data-element_type=\"widget\" data-e-type=\"widget\" data-widget_type=\"text-editor.default\">\n\t\t\t\t<div class=\"elementor-widget-container\">\n\t\t\t\t\t\t\t\t\t<p>Within the event area and on the map, we mark the areas designated for camping, where you will find more distant, quieter places as well as closer but noisier ones. With a motorhome you can park in a separate area.<\/p>\t\t\t\t\t\t\t\t<\/div>\n\t\t\t\t<\/div>\n\t\t\t\t<div class=\"elementor-element elementor-element-8a9deeb elementor-widget elementor-widget-heading\" data-id=\"8a9deeb\" data-element_type=\"widget\" data-e-type=\"widget\" data-widget_type=\"heading.default\">\n\t\t\t\t<div class=\"elementor-widget-container\">\n\t\t\t\t\t<h2 class=\"elementor-heading-title elementor-size-default\">P\u00e1pa lakes - Playa Luna:<\/h2>\t\t\t\t<\/div>\n\t\t\t\t<\/div>\n\t\t\t\t<div class=\"elementor-element elementor-element-0a2dd9b elementor-widget elementor-widget-text-editor\" data-id=\"0a2dd9b\" data-element_type=\"widget\" data-e-type=\"widget\" data-widget_type=\"text-editor.default\">\n\t\t\t\t<div class=\"elementor-widget-container\">\n\t\t\t\t\t\t\t\t\t<p>The festival area \u2013 Playa Luna \u2013 is a real earthly paradise, and we would like our presence to build and beautify this place rather than destroy it. Our hosts also live in the area on the other side of a closed bridge; please respect their privacy:<\/p><ul><li aria-level=\"1\"><b>do not enter areas marked \u201cSTAFF ONLY\u201d;<\/b><\/li><li aria-level=\"1\"><b>do not pick anything from the garden without asking;<\/b><\/li><li aria-level=\"1\"><b>swimming in the lake is only allowed from sunrise to sunset, at your own risk<\/b>. (Please pay attention to your own and others' physical safety.)<\/li><li aria-level=\"1\">do not harm the trees, take care of the plants and any rare birds that appear.<\/li><li aria-level=\"1\">dispose of trash in the waste bins provided on the site.<\/li><li aria-level=\"1\">Lighting fires anywhere on the grounds is PROHIBITED! (There will only be a fire on the Beach, at the fire pit)<\/li><\/ul>\t\t\t\t\t\t\t\t<\/div>\n\t\t\t\t<\/div>\n\t\t\t\t<div class=\"elementor-element elementor-element-5fabcb4 elementor-widget elementor-widget-heading\" data-id=\"5fabcb4\" data-element_type=\"widget\" data-e-type=\"widget\" data-widget_type=\"heading.default\">\n\t\t\t\t<div class=\"elementor-widget-container\">\n\t\t\t\t\t<h2 class=\"elementor-heading-title elementor-size-default\">CHILDREN<\/h2>\t\t\t\t<\/div>\n\t\t\t\t<\/div>\n\t\t\t\t<div class=\"elementor-element elementor-element-3870496 elementor-widget elementor-widget-text-editor\" data-id=\"3870496\" data-element_type=\"widget\" data-e-type=\"widget\" data-widget_type=\"text-editor.default\">\n\t\t\t\t<div class=\"elementor-widget-container\">\n\t\t\t\t\t\t\t\t\t<p>Children and minors under the age of 14 may attend the event free of charge under parental supervision. Upon entry, we require them to show a photo ID. We do NOT provide childcare on site.<\/p>\t\t\t\t\t\t\t\t<\/div>\n\t\t\t\t<\/div>\n\t\t\t\t<div class=\"elementor-element elementor-element-001c190 elementor-widget elementor-widget-heading\" data-id=\"001c190\" data-element_type=\"widget\" data-e-type=\"widget\" data-widget_type=\"heading.default\">\n\t\t\t\t<div class=\"elementor-widget-container\">\n\t\t\t\t\t<h2 class=\"elementor-heading-title elementor-size-default\">Pets<\/h2>\t\t\t\t<\/div>\n\t\t\t\t<\/div>\n\t\t\t\t<div class=\"elementor-element elementor-element-14aaa8b elementor-widget elementor-widget-text-editor\" data-id=\"14aaa8b\" data-element_type=\"widget\" data-e-type=\"widget\" data-widget_type=\"text-editor.default\">\n\t\t\t\t<div class=\"elementor-widget-container\">\n\t\t\t\t\t\t\t\t\t<p>In addition to their owners, we naturally welcome pets with love as well.\u00a0<\/p><p>Please make sure the area remains clean afterwards and that they do not disturb other visitors in any way. If any problem arises with them (they tear up the rubbish, attack people or other dogs, steal food from the table, bark without cause, are disruptive, create fear), you must keep them on a leash from then on. If your pet causes damage, you are responsible for compensating it.\u00a0<\/p><p>Be sure to bring their vaccination booklet with you!\u00a0<\/p>\t\t\t\t\t\t\t\t<\/div>\n\t\t\t\t<\/div>\n\t\t\t\t<div class=\"elementor-element elementor-element-5824cce elementor-widget elementor-widget-heading\" data-id=\"5824cce\" data-element_type=\"widget\" data-e-type=\"widget\" data-widget_type=\"heading.default\">\n\t\t\t\t<div class=\"elementor-widget-container\">\n\t\t\t\t\t<h2 class=\"elementor-heading-title elementor-size-default\">CONTACT<\/h2>\t\t\t\t<\/div>\n\t\t\t\t<\/div>\n\t\t\t\t<div class=\"elementor-element elementor-element-c5d48bc elementor-widget elementor-widget-text-editor\" data-id=\"c5d48bc\" data-element_type=\"widget\" data-e-type=\"widget\" data-widget_type=\"text-editor.default\">\n\t\t\t\t<div class=\"elementor-widget-container\">\n\t\t\t\t\t\t\t\t\t<p><strong><a href=\"mailto:contact@nomadgathering.com\">contact@nomadgathering.com<\/a><\/strong><\/p>\t\t\t\t\t\t\t\t<\/div>\n\t\t\t\t<\/div>\n\t\t\t\t<div class=\"elementor-element elementor-element-429c1c4 elementor-widget elementor-widget-heading\" data-id=\"429c1c4\" data-element_type=\"widget\" data-e-type=\"widget\" data-widget_type=\"heading.default\">\n\t\t\t\t<div class=\"elementor-widget-container\">\n\t\t\t\t\t<h2 class=\"elementor-heading-title elementor-size-default\">Thank you for reading! We look forward to seeing you and wish you a great time!<\/h2>\t\t\t\t<\/div>\n\t\t\t\t<\/div>\n\t\t\t\t\t<\/div>\n\t\t\t\t<\/div>\n\t\t\t\t<\/div>\n\t\t\t\t<\/div>","protected":false},"excerpt":{"rendered":"<p>Hasznos inform\u00e1ci\u00f3k egy helyen ARRA K\u00c9R\u00dcNK, HOGY MIEL\u0150TT \u00cdRN\u00c1L, ALAPOSAN OLVASD \u00c1T AZ AL\u00c1BBIAKAT, SZINTE BIZTOS, HOGY MEGTAL\u00c1LOD A V\u00c1LASZT A K\u00c9RD\u00c9SEDRE! A rendezv\u00e9ny id\u0151pontja Kapunyit\u00e1s: 2025. augusztus 21. cs\u00fct\u00f6rt\u00f6k, 10 \u00f3ra\u00a0 A Rendezv\u00e9ny 2025. augusztus 24. vas\u00e1rnap, 14 \u00f3rakor \u00e9r v\u00e9get. A RENDEZV\u00c9NY HELYE A pontos c\u00edm: P\u00e1pa (p\u00e1pai tavak) \u2013 8500 P\u00e1pa, M\u00e1tyush\u00e1za [&hellip;]<\/p>\n","protected":false},"author":1,"featured_media":0,"parent":0,"menu_order":0,"comment_status":"closed","ping_status":"closed","template":"elementor_header_footer","meta":{"footnotes":""},"class_list":["post-241","page","type-page","status-publish","hentry","entry","owp-thumbs-layout-horizontal","owp-btn-normal","owp-tabs-layout-horizontal","has-no-thumbnails","has-product-nav"],"_links":{"self":[{"href":"https:\/\/nomadgathering.com\/en\/wp-json\/wp\/v2\/pages\/241","targetHints":{"allow":["GET"]}}],"collection":[{"href":"https:\/\/nomadgathering.com\/en\/wp-json\/wp\/v2\/pages"}],"about":[{"href":"https:\/\/nomadgathering.com\/en\/wp-json\/wp\/v2\/types\/page"}],"author":[{"embeddable":true,"href":"https:\/\/nomadgathering.com\/en\/wp-json\/wp\/v2\/users\/1"}],"replies":[{"embeddable":true,"href":"https:\/\/nomadgathering.com\/en\/wp-json\/wp\/v2\/comments?post=241"}],"version-history":[{"count":67,"href":"https:\/\/nomadgathering.com\/en\/wp-json\/wp\/v2\/pages\/241\/revisions"}],"predecessor-version":[{"id":3022,"href":"https:\/\/nomadgathering.com\/en\/wp-json\/wp\/v2\/pages\/241\/revisions\/3022"}],"wp:attachment":[{"href":"https:\/\/nomadgathering.com\/en\/wp-json\/wp\/v2\/media?parent=241"}],"curies":[{"name":"wp","href":"https:\/\/api.w.org\/{rel}","templated":true}]}}