{"id":2125,"date":"2025-05-30T06:24:26","date_gmt":"2025-05-30T06:24:26","guid":{"rendered":"https:\/\/nomadgathering.com\/?page_id=2125"},"modified":"2025-05-30T07:02:14","modified_gmt":"2025-05-30T07:02:14","slug":"kolosoul","status":"publish","type":"page","link":"https:\/\/nomadgathering.com\/en\/kolosoul\/","title":{"rendered":"Kolosoul"},"content":{"rendered":"<div data-elementor-type=\"wp-page\" data-elementor-id=\"2125\" class=\"elementor elementor-2125\" data-elementor-post-type=\"page\">\n\t\t\t\t<div class=\"elementor-element elementor-element-6034ea75 e-con-full e-flex e-con e-parent\" data-id=\"6034ea75\" data-element_type=\"container\" data-e-type=\"container\" data-settings=\"{&quot;background_background&quot;:&quot;gradient&quot;}\">\n\t\t<div class=\"elementor-element elementor-element-6e3f9153 e-flex e-con-boxed e-con e-child\" data-id=\"6e3f9153\" data-element_type=\"container\" data-e-type=\"container\" data-settings=\"{&quot;background_background&quot;:&quot;classic&quot;}\">\n\t\t\t\t\t<div class=\"e-con-inner\">\n\t\t\t\t<div class=\"elementor-element elementor-element-14ee3cce elementor-widget elementor-widget-link-in-bio-var-6\" data-id=\"14ee3cce\" data-element_type=\"widget\" data-e-type=\"widget\" data-widget_type=\"link-in-bio-var-6.default\">\n\t\t\t\t<div class=\"elementor-widget-container\">\n\t\t\t\t\t\t\t<div class=\"e-link-in-bio e-link-in-bio-var-6\">\n\t\t\t<div class=\"e-link-in-bio__content\">\n\n\t\t\t\t\t\t<div class=\"e-link-in-bio__identity\">\n\t\t\t\t\t\t\t\t\t<div class=\"e-link-in-bio__identity-image e-link-in-bio__identity-image-profile has-border has-style-circle\">\n\t\t\t\t\t\t\t<img fetchpriority=\"high\" decoding=\"async\" width=\"300\" height=\"300\" src=\"https:\/\/nomadgathering.com\/wp-content\/uploads\/2025\/03\/Nomad2025_Emblema_Feher-Lila-768x768-1-300x300.jpg\" class=\"e-link-in-bio__identity-image-element\" alt=\"\" srcset=\"https:\/\/nomadgathering.com\/wp-content\/uploads\/2025\/03\/Nomad2025_Emblema_Feher-Lila-768x768-1-300x300.jpg 300w, https:\/\/nomadgathering.com\/wp-content\/uploads\/2025\/03\/Nomad2025_Emblema_Feher-Lila-768x768-1-150x150.jpg 150w, https:\/\/nomadgathering.com\/wp-content\/uploads\/2025\/03\/Nomad2025_Emblema_Feher-Lila-768x768-1-600x600.jpg 600w, https:\/\/nomadgathering.com\/wp-content\/uploads\/2025\/03\/Nomad2025_Emblema_Feher-Lila-768x768-1-100x100.jpg 100w, https:\/\/nomadgathering.com\/wp-content\/uploads\/2025\/03\/Nomad2025_Emblema_Feher-Lila-768x768-1.jpg 768w\" sizes=\"(max-width: 300px) 100vw, 300px\" \/>\t\t\t\t\t\t\t\t\t\t\t\t\t<\/div>\n\t\t\t\t\t\t\t<\/div>\n\t\t\t\t\t<div class=\"e-link-in-bio__bio\">\n\t\t\t\t<h2 class=\"e-link-in-bio__heading\">Kolosoul<\/h2>\t\t\t\t\t\t\t\t\t\t\t\t<p class=\"e-link-in-bio__description\">Sz\u00fclet\u00e9se \u00f3ta m\u00e9lyen kapcsol\u00f3dik a kreativit\u00e1s\u00e1hoz, ami legf\u0151k\u00e9pp a zeneis\u00e9g\u00e9vel (rezg\u00e9ssel) \u00f6sszehangolva bontakozik ki az \u00e9let\u00fatj\u00e1n: saj\u00e1t dalokat \u00edr-kompon\u00e1l, k\u00fcl\u00f6nb\u00f6z\u0151 hangszereken j\u00e1tszik (bele\u00e9rtve \u00e9nekhangj\u00e1t is) kicsi kora \u00f3ta \u00e9nekel \u00e9s t\u00e1ncol\u2014 a hangon \u00e9s szabad mozg\u00e1son kereszt\u00fcli \u00f6nval\u00f3nkra \u00e9bred\u00e9s \u00e9s \u00f6nkifejez\u00e9s az egyik \u00f6nismereti-gy\u00f3gy\u00edt\u00f3 eszk\u00f6zei k\u00f6z\u00e9 is tartozik.<\/p>\t\t\t<\/div>\n\t\t\t\t\t<div class=\"e-link-in-bio__icons has-size-small\">\n\t\t\t\t\t\t\t<div class=\"e-link-in-bio__icon is-size-small\">\n\t\t\t\t\t<a href=\"https:\/\/www.ancestrallmusic.com\/%20\" target=\"_blank\" rel=\"noopener \" aria-label=\"Facebook\" class=\"e-link-in-bio__icon-link\">\n\t\t\t\t\t\t<span class=\"e-link-in-bio__icon-svg\">\n\t\t\t\t\t\t\t<svg aria-hidden=\"true\" class=\"e-font-icon-svg e-fab-facebook\" viewbox=\"0 0 512 512\" xmlns=\"http:\/\/www.w3.org\/2000\/svg\"><path d=\"M504 256C504 119 393 8 256 8S8 119 8 256c0 123.78 90.69 226.38 209.25 245V327.69h-63V256h63v-54.64c0-62.15 37-96.48 93.67-96.48 27.14 0 55.52 4.84 55.52 4.84v61h-31.28c-30.8 0-40.41 19.12-40.41 38.73V256h68.78l-11 71.69h-57.78V501C413.31 482.38 504 379.78 504 256z\"><\/path><\/svg>\t\t\t\t\t\t<\/span>\n\t\t\t\t\t\t\t\t\t\t\t<\/a>\n\t\t\t\t<\/div>\n\t\t\t\t\t<\/div>\n\t\t\n\t\t<div class=\"e-link-in-bio__image-links has-3-columns\">\n\t\t\t\t\t\t\t<a target=\"_blank\" rel=\"noopener \" class=\"e-link-in-bio__image-links-link\" href=\"\">\n\t\t\t\t\t<img decoding=\"async\" width=\"150\" height=\"150\" src=\"https:\/\/nomadgathering.com\/wp-content\/uploads\/2025\/04\/Nomad2025_Emblema_Atlatszo-Feher-300px-150x150.png\" class=\"e-link-in-bio__image-links-img\" alt=\"\" srcset=\"https:\/\/nomadgathering.com\/wp-content\/uploads\/2025\/04\/Nomad2025_Emblema_Atlatszo-Feher-300px-150x150.png 150w, https:\/\/nomadgathering.com\/wp-content\/uploads\/2025\/04\/Nomad2025_Emblema_Atlatszo-Feher-300px-100x100.png 100w, https:\/\/nomadgathering.com\/wp-content\/uploads\/2025\/04\/Nomad2025_Emblema_Atlatszo-Feher-300px.png 300w\" sizes=\"(max-width: 150px) 100vw, 150px\" \/>\t\t\t\t<\/a>\n\t\t\t\t\t<\/div>\n\t\t\n\t\t\t<\/div>\n\t\t\t<div class=\"e-link-in-bio__bg\">\n\t\t\t\t<div class=\"e-link-in-bio__bg-overlay\"><\/div>\n\t\t\t<\/div>\n\t\t<\/div>\n\t\t\t\t\t\t<\/div>\n\t\t\t\t<\/div>\n\t\t\t\t<div class=\"elementor-element elementor-element-e6eb4b4 elementor-widget elementor-widget-image\" data-id=\"e6eb4b4\" data-element_type=\"widget\" data-e-type=\"widget\" data-widget_type=\"image.default\">\n\t\t\t\t<div class=\"elementor-widget-container\">\n\t\t\t\t\t\t\t\t\t\t\t\t\t\t\t<img decoding=\"async\" width=\"300\" height=\"300\" src=\"https:\/\/nomadgathering.com\/wp-content\/uploads\/2025\/04\/Nomad2025_Emblema_Atlatszo-Feher-300px.png\" class=\"attachment-large size-large wp-image-1420\" alt=\"\" srcset=\"https:\/\/nomadgathering.com\/wp-content\/uploads\/2025\/04\/Nomad2025_Emblema_Atlatszo-Feher-300px.png 300w, https:\/\/nomadgathering.com\/wp-content\/uploads\/2025\/04\/Nomad2025_Emblema_Atlatszo-Feher-300px-150x150.png 150w, https:\/\/nomadgathering.com\/wp-content\/uploads\/2025\/04\/Nomad2025_Emblema_Atlatszo-Feher-300px-100x100.png 100w\" sizes=\"(max-width: 300px) 100vw, 300px\" \/>\t\t\t\t\t\t\t\t\t\t\t\t\t\t\t<\/div>\n\t\t\t\t<\/div>\n\t\t\t\t\t<\/div>\n\t\t\t\t<\/div>\n\t\t\t\t<\/div>\n\t\t\t\t<\/div>","protected":false},"excerpt":{"rendered":"<p>Kolosoul Sz\u00fclet\u00e9se \u00f3ta m\u00e9lyen kapcsol\u00f3dik a kreativit\u00e1s\u00e1hoz, ami legf\u0151k\u00e9pp a zeneis\u00e9g\u00e9vel (rezg\u00e9ssel) \u00f6sszehangolva bontakozik ki az \u00e9let\u00fatj\u00e1n: saj\u00e1t dalokat \u00edr-kompon\u00e1l, k\u00fcl\u00f6nb\u00f6z\u0151 hangszereken j\u00e1tszik (bele\u00e9rtve \u00e9nekhangj\u00e1t is) kicsi kora \u00f3ta \u00e9nekel \u00e9s t\u00e1ncol\u2014 a hangon \u00e9s szabad mozg\u00e1son kereszt\u00fcli \u00f6nval\u00f3nkra \u00e9bred\u00e9s \u00e9s \u00f6nkifejez\u00e9s az egyik \u00f6nismereti-gy\u00f3gy\u00edt\u00f3 eszk\u00f6zei k\u00f6z\u00e9 is tartozik.<\/p>","protected":false},"author":2,"featured_media":0,"parent":0,"menu_order":0,"comment_status":"closed","ping_status":"closed","template":"","meta":{"footnotes":""},"class_list":["post-2125","page","type-page","status-publish","hentry","entry","owp-thumbs-layout-horizontal","owp-btn-normal","owp-tabs-layout-horizontal","has-no-thumbnails","has-product-nav"],"_links":{"self":[{"href":"https:\/\/nomadgathering.com\/en\/wp-json\/wp\/v2\/pages\/2125","targetHints":{"allow":["GET"]}}],"collection":[{"href":"https:\/\/nomadgathering.com\/en\/wp-json\/wp\/v2\/pages"}],"about":[{"href":"https:\/\/nomadgathering.com\/en\/wp-json\/wp\/v2\/types\/page"}],"author":[{"embeddable":true,"href":"https:\/\/nomadgathering.com\/en\/wp-json\/wp\/v2\/users\/2"}],"replies":[{"embeddable":true,"href":"https:\/\/nomadgathering.com\/en\/wp-json\/wp\/v2\/comments?post=2125"}],"version-history":[{"count":4,"href":"https:\/\/nomadgathering.com\/en\/wp-json\/wp\/v2\/pages\/2125\/revisions"}],"predecessor-version":[{"id":2170,"href":"https:\/\/nomadgathering.com\/en\/wp-json\/wp\/v2\/pages\/2125\/revisions\/2170"}],"wp:attachment":[{"href":"https:\/\/nomadgathering.com\/en\/wp-json\/wp\/v2\/media?parent=2125"}],"curies":[{"name":"wp","href":"https:\/\/api.w.org\/{rel}","templated":true}]}}