{"id":2121,"date":"2025-05-30T06:24:03","date_gmt":"2025-05-30T06:24:03","guid":{"rendered":"https:\/\/nomadgathering.com\/?page_id=2121"},"modified":"2025-05-30T07:04:03","modified_gmt":"2025-05-30T07:04:03","slug":"hajducsi-fanni","status":"publish","type":"page","link":"https:\/\/nomadgathering.com\/en\/hajducsi-fanni\/","title":{"rendered":"Hajducsi Fanni"},"content":{"rendered":"<div data-elementor-type=\"wp-page\" data-elementor-id=\"2121\" class=\"elementor elementor-2121\" data-elementor-post-type=\"page\">\n\t\t\t\t<div class=\"elementor-element elementor-element-6034ea75 e-con-full e-flex e-con e-parent\" data-id=\"6034ea75\" data-element_type=\"container\" data-e-type=\"container\" data-settings=\"{&quot;background_background&quot;:&quot;gradient&quot;}\">\n\t\t<div class=\"elementor-element elementor-element-6e3f9153 e-flex e-con-boxed e-con e-child\" data-id=\"6e3f9153\" data-element_type=\"container\" data-e-type=\"container\" data-settings=\"{&quot;background_background&quot;:&quot;classic&quot;}\">\n\t\t\t\t\t<div class=\"e-con-inner\">\n\t\t\t\t<div class=\"elementor-element elementor-element-14ee3cce elementor-widget elementor-widget-link-in-bio-var-6\" data-id=\"14ee3cce\" data-element_type=\"widget\" data-e-type=\"widget\" data-widget_type=\"link-in-bio-var-6.default\">\n\t\t\t\t<div class=\"elementor-widget-container\">\n\t\t\t\t\t\t\t<div class=\"e-link-in-bio e-link-in-bio-var-6\">\n\t\t\t<div class=\"e-link-in-bio__content\">\n\n\t\t\t\t\t\t<div class=\"e-link-in-bio__identity\">\n\t\t\t\t\t\t\t\t\t<div class=\"e-link-in-bio__identity-image e-link-in-bio__identity-image-profile has-border has-style-circle\">\n\t\t\t\t\t\t\t<img fetchpriority=\"high\" decoding=\"async\" width=\"300\" height=\"300\" src=\"https:\/\/nomadgathering.com\/wp-content\/uploads\/2025\/05\/Hajducsi-Fanni-scaled-e1748590514763-300x300.jpeg\" class=\"e-link-in-bio__identity-image-element\" alt=\"\" srcset=\"https:\/\/nomadgathering.com\/wp-content\/uploads\/2025\/05\/Hajducsi-Fanni-scaled-e1748590514763-300x300.jpeg 300w, https:\/\/nomadgathering.com\/wp-content\/uploads\/2025\/05\/Hajducsi-Fanni-scaled-e1748590514763-1024x1024.jpeg 1024w, https:\/\/nomadgathering.com\/wp-content\/uploads\/2025\/05\/Hajducsi-Fanni-scaled-e1748590514763-150x150.jpeg 150w, https:\/\/nomadgathering.com\/wp-content\/uploads\/2025\/05\/Hajducsi-Fanni-scaled-e1748590514763-768x768.jpeg 768w, https:\/\/nomadgathering.com\/wp-content\/uploads\/2025\/05\/Hajducsi-Fanni-scaled-e1748590514763-1536x1536.jpeg 1536w, https:\/\/nomadgathering.com\/wp-content\/uploads\/2025\/05\/Hajducsi-Fanni-scaled-e1748590514763-2048x2048.jpeg 2048w, https:\/\/nomadgathering.com\/wp-content\/uploads\/2025\/05\/Hajducsi-Fanni-scaled-e1748590514763-600x600.jpeg 600w, https:\/\/nomadgathering.com\/wp-content\/uploads\/2025\/05\/Hajducsi-Fanni-scaled-e1748590514763-100x100.jpeg 100w\" sizes=\"(max-width: 300px) 100vw, 300px\" \/>\t\t\t\t\t\t\t\t\t\t\t\t\t<\/div>\n\t\t\t\t\t\t\t<\/div>\n\t\t\t\t\t<div class=\"e-link-in-bio__bio\">\n\t\t\t\t<h2 class=\"e-link-in-bio__heading\">Hajducsi Fanni<\/h2>\t\t\t\t\t\t\t\t\t\t\t\t<p class=\"e-link-in-bio__description\">K\u00fcldet\u00e9se az \u00e9bresztget\u00e9s, hogy seg\u00edtse, megt\u00e1mogassa az egy\u00e9n n\u0151\u2022mag-\u00e1ra, \u00f6nval\u00f3j\u00e1ra val\u00f3 eml\u00e9kez\u00e9st a meg\u00e9rt\u00e9sen t\u00fal az \u00e9rz\u00e9kel\u00e9sen kereszt\u00fcl. Az intu\u00edci\u00f3nkhoz val\u00f3 kapcsol\u00f3d\u00e1sunk er\u0151s\u00edt\u00e9se, meg\u2022test\u2022es\u00fcl\u00e9s\u00e9nek a gyakorl\u00e1sa, a tudatos jelenl\u00e9t, s az \u0151sbizalom \u00e9ltet\u00e9se magunkban nagy hangs\u00falyt kapnak abban az egy\u00e9ni m\u00f3dszerben amit l\u00e9trehozott (ami folyamatosan v\u00e1ltozik, form\u00e1l\u00f3dik, meg\u00fajul).\n\nA v\u00e1laszokat -amiket sokszor magunkon k\u00edv\u00fcl keress\u00fck, hajkur\u00e1sszuk- mind magunkban hordozzuk, Talia ezeknek a hozz\u00e1f\u00e9r\u00e9s\u00e9hez val\u00f3 \u00faton ny\u00fajt seg\u00edt\u0151 kezet.<\/p>\t\t\t<\/div>\n\t\t\t\t\t<div class=\"e-link-in-bio__icons has-size-small\">\n\t\t\t\t\t\t\t<div class=\"e-link-in-bio__icon is-size-small\">\n\t\t\t\t\t<a href=\"https:\/\/www.ancestrallmusic.com\/%20\" target=\"_blank\" rel=\"noopener \" aria-label=\"Facebook\" class=\"e-link-in-bio__icon-link\">\n\t\t\t\t\t\t<span class=\"e-link-in-bio__icon-svg\">\n\t\t\t\t\t\t\t<svg aria-hidden=\"true\" class=\"e-font-icon-svg e-fab-facebook\" viewbox=\"0 0 512 512\" xmlns=\"http:\/\/www.w3.org\/2000\/svg\"><path d=\"M504 256C504 119 393 8 256 8S8 119 8 256c0 123.78 90.69 226.38 209.25 245V327.69h-63V256h63v-54.64c0-62.15 37-96.48 93.67-96.48 27.14 0 55.52 4.84 55.52 4.84v61h-31.28c-30.8 0-40.41 19.12-40.41 38.73V256h68.78l-11 71.69h-57.78V501C413.31 482.38 504 379.78 504 256z\"><\/path><\/svg>\t\t\t\t\t\t<\/span>\n\t\t\t\t\t\t\t\t\t\t\t<\/a>\n\t\t\t\t<\/div>\n\t\t\t\t\t<\/div>\n\t\t\n\t\t<div class=\"e-link-in-bio__image-links has-3-columns\">\n\t\t\t\t\t\t\t<a target=\"_blank\" rel=\"noopener \" class=\"e-link-in-bio__image-links-link\" href=\"\">\n\t\t\t\t\t<img decoding=\"async\" width=\"150\" height=\"150\" src=\"https:\/\/nomadgathering.com\/wp-content\/uploads\/2025\/04\/Nomad2025_Emblema_Atlatszo-Feher-300px-150x150.png\" class=\"e-link-in-bio__image-links-img\" alt=\"\" srcset=\"https:\/\/nomadgathering.com\/wp-content\/uploads\/2025\/04\/Nomad2025_Emblema_Atlatszo-Feher-300px-150x150.png 150w, https:\/\/nomadgathering.com\/wp-content\/uploads\/2025\/04\/Nomad2025_Emblema_Atlatszo-Feher-300px-100x100.png 100w, https:\/\/nomadgathering.com\/wp-content\/uploads\/2025\/04\/Nomad2025_Emblema_Atlatszo-Feher-300px.png 300w\" sizes=\"(max-width: 150px) 100vw, 150px\" \/>\t\t\t\t<\/a>\n\t\t\t\t\t<\/div>\n\t\t\n\t\t\t<\/div>\n\t\t\t<div class=\"e-link-in-bio__bg\">\n\t\t\t\t<div class=\"e-link-in-bio__bg-overlay\"><\/div>\n\t\t\t<\/div>\n\t\t<\/div>\n\t\t\t\t\t\t<\/div>\n\t\t\t\t<\/div>\n\t\t\t\t<div class=\"elementor-element elementor-element-e6eb4b4 elementor-widget elementor-widget-image\" data-id=\"e6eb4b4\" data-element_type=\"widget\" data-e-type=\"widget\" data-widget_type=\"image.default\">\n\t\t\t\t<div class=\"elementor-widget-container\">\n\t\t\t\t\t\t\t\t\t\t\t\t\t\t\t<img decoding=\"async\" width=\"300\" height=\"300\" src=\"https:\/\/nomadgathering.com\/wp-content\/uploads\/2025\/04\/Nomad2025_Emblema_Atlatszo-Feher-300px.png\" class=\"attachment-large size-large wp-image-1420\" alt=\"\" srcset=\"https:\/\/nomadgathering.com\/wp-content\/uploads\/2025\/04\/Nomad2025_Emblema_Atlatszo-Feher-300px.png 300w, https:\/\/nomadgathering.com\/wp-content\/uploads\/2025\/04\/Nomad2025_Emblema_Atlatszo-Feher-300px-150x150.png 150w, https:\/\/nomadgathering.com\/wp-content\/uploads\/2025\/04\/Nomad2025_Emblema_Atlatszo-Feher-300px-100x100.png 100w\" sizes=\"(max-width: 300px) 100vw, 300px\" \/>\t\t\t\t\t\t\t\t\t\t\t\t\t\t\t<\/div>\n\t\t\t\t<\/div>\n\t\t\t\t\t<\/div>\n\t\t\t\t<\/div>\n\t\t\t\t<\/div>\n\t\t\t\t<\/div>","protected":false},"excerpt":{"rendered":"<p>Hajducsi Fanni K\u00fcldet\u00e9se az \u00e9bresztget\u00e9s, hogy seg\u00edtse, megt\u00e1mogassa az egy\u00e9n n\u0151\u2022mag-\u00e1ra, \u00f6nval\u00f3j\u00e1ra val\u00f3 eml\u00e9kez\u00e9st a meg\u00e9rt\u00e9sen t\u00fal az \u00e9rz\u00e9kel\u00e9sen kereszt\u00fcl. Az intu\u00edci\u00f3nkhoz val\u00f3 kapcsol\u00f3d\u00e1sunk er\u0151s\u00edt\u00e9se, meg\u2022test\u2022es\u00fcl\u00e9s\u00e9nek a gyakorl\u00e1sa, a tudatos jelenl\u00e9t, s az \u0151sbizalom \u00e9ltet\u00e9se magunkban nagy hangs\u00falyt kapnak abban az egy\u00e9ni m\u00f3dszerben amit l\u00e9trehozott (ami folyamatosan v\u00e1ltozik, form\u00e1l\u00f3dik, meg\u00fajul). A v\u00e1laszokat -amiket sokszor magunkon [&hellip;]<\/p>\n","protected":false},"author":2,"featured_media":0,"parent":0,"menu_order":0,"comment_status":"closed","ping_status":"closed","template":"","meta":{"footnotes":""},"class_list":["post-2121","page","type-page","status-publish","hentry","entry","owp-thumbs-layout-horizontal","owp-btn-normal","owp-tabs-layout-horizontal","has-no-thumbnails","has-product-nav"],"_links":{"self":[{"href":"https:\/\/nomadgathering.com\/en\/wp-json\/wp\/v2\/pages\/2121","targetHints":{"allow":["GET"]}}],"collection":[{"href":"https:\/\/nomadgathering.com\/en\/wp-json\/wp\/v2\/pages"}],"about":[{"href":"https:\/\/nomadgathering.com\/en\/wp-json\/wp\/v2\/types\/page"}],"author":[{"embeddable":true,"href":"https:\/\/nomadgathering.com\/en\/wp-json\/wp\/v2\/users\/2"}],"replies":[{"embeddable":true,"href":"https:\/\/nomadgathering.com\/en\/wp-json\/wp\/v2\/comments?post=2121"}],"version-history":[{"count":4,"href":"https:\/\/nomadgathering.com\/en\/wp-json\/wp\/v2\/pages\/2121\/revisions"}],"predecessor-version":[{"id":2174,"href":"https:\/\/nomadgathering.com\/en\/wp-json\/wp\/v2\/pages\/2121\/revisions\/2174"}],"wp:attachment":[{"href":"https:\/\/nomadgathering.com\/en\/wp-json\/wp\/v2\/media?parent=2121"}],"curies":[{"name":"wp","href":"https:\/\/api.w.org\/{rel}","templated":true}]}}