{"id":1551,"date":"2025-04-27T05:52:21","date_gmt":"2025-04-27T05:52:21","guid":{"rendered":"https:\/\/nomadgathering.com\/?page_id=1551"},"modified":"2025-05-02T08:43:57","modified_gmt":"2025-05-02T08:43:57","slug":"staff","status":"publish","type":"page","link":"https:\/\/nomadgathering.com\/en\/staff\/","title":{"rendered":"Staff"},"content":{"rendered":"<div data-elementor-type=\"wp-page\" data-elementor-id=\"1551\" class=\"elementor elementor-1551\" data-elementor-post-type=\"page\">\n\t\t\t\t<div class=\"elementor-element elementor-element-6034ea75 e-con-full e-flex e-con e-parent\" data-id=\"6034ea75\" data-element_type=\"container\" data-e-type=\"container\" data-settings=\"{&quot;background_background&quot;:&quot;gradient&quot;}\">\n\t\t<div class=\"elementor-element elementor-element-6e3f9153 e-flex e-con-boxed e-con e-child\" data-id=\"6e3f9153\" data-element_type=\"container\" data-e-type=\"container\" data-settings=\"{&quot;background_background&quot;:&quot;classic&quot;}\">\n\t\t\t\t\t<div class=\"e-con-inner\">\n\t\t\t\t<div class=\"elementor-element elementor-element-14ee3cce elementor-widget elementor-widget-link-in-bio-var-6\" data-id=\"14ee3cce\" data-element_type=\"widget\" data-e-type=\"widget\" data-widget_type=\"link-in-bio-var-6.default\">\n\t\t\t\t<div class=\"elementor-widget-container\">\n\t\t\t\t\t\t\t<div class=\"e-link-in-bio e-link-in-bio-var-6\">\n\t\t\t<div class=\"e-link-in-bio__content\">\n\n\t\t\t\t\t\t<div class=\"e-link-in-bio__identity\">\n\t\t\t\t\t\t\t\t\t<div class=\"e-link-in-bio__identity-image e-link-in-bio__identity-image-profile has-border has-style-circle\">\n\t\t\t\t\t\t\t<img fetchpriority=\"high\" decoding=\"async\" width=\"300\" height=\"300\" src=\"https:\/\/nomadgathering.com\/wp-content\/uploads\/2025\/04\/Staff-scaled-e1745738429731-300x300.jpg\" class=\"e-link-in-bio__identity-image-element\" alt=\"\" srcset=\"https:\/\/nomadgathering.com\/wp-content\/uploads\/2025\/04\/Staff-scaled-e1745738429731-300x300.jpg 300w, https:\/\/nomadgathering.com\/wp-content\/uploads\/2025\/04\/Staff-scaled-e1745738429731-1024x1024.jpg 1024w, https:\/\/nomadgathering.com\/wp-content\/uploads\/2025\/04\/Staff-scaled-e1745738429731-150x150.jpg 150w, https:\/\/nomadgathering.com\/wp-content\/uploads\/2025\/04\/Staff-scaled-e1745738429731-768x768.jpg 768w, https:\/\/nomadgathering.com\/wp-content\/uploads\/2025\/04\/Staff-scaled-e1745738429731-1536x1536.jpg 1536w, https:\/\/nomadgathering.com\/wp-content\/uploads\/2025\/04\/Staff-scaled-e1745738429731-600x600.jpg 600w, https:\/\/nomadgathering.com\/wp-content\/uploads\/2025\/04\/Staff-scaled-e1745738429731-100x100.jpg 100w, https:\/\/nomadgathering.com\/wp-content\/uploads\/2025\/04\/Staff-scaled-e1745738429731.jpg 1920w\" sizes=\"(max-width: 300px) 100vw, 300px\" \/>\t\t\t\t\t\t\t\t\t\t\t\t\t<\/div>\n\t\t\t\t\t\t\t<\/div>\n\t\t\t\t\t<div class=\"e-link-in-bio__bio\">\n\t\t\t\t<h2 class=\"e-link-in-bio__heading\">Staff<\/h2>\t\t\t\t\t\t\t\t\t\t\t\t<p class=\"e-link-in-bio__description\">&quot;Nem hiszek a zenei ir\u00e1nyzatok mivolt\u00e1ban. Sz\u00e1momra l\u00e9tezik j\u00f3 zene \u00e9s rossz zene, \u00edgy az \u00e9n zenei palett\u00e1m eg\u00e9szen a chillt\u0151l a psytrancen kereszt\u00fcl a house zen\u00e9ig mindent befogad.\nCsak egy dolog biztos sz\u00e1momra : a zen\u00e9hez sz\u00edv \u00e9s l\u00e9lek kell. \u201e\n\n<\/p>\t\t\t<\/div>\n\t\t\t\t\t<div class=\"e-link-in-bio__icons has-size-small\">\n\t\t\t\t\t\t\t<div class=\"e-link-in-bio__icon is-size-small\">\n\t\t\t\t\t<a href=\"https:\/\/www.youtube.com\/channel\/UC12CUBfEsgHEnvQO2o2lzjA?fbclid=IwAR3AS8hrkJEg4WZJ68mTSqapSwEa2df8hshPmZLzuA6FV2G4dqJb3igSoHs\" target=\"_blank\" rel=\"noopener \" aria-label=\"YouTube\" class=\"e-link-in-bio__icon-link\">\n\t\t\t\t\t\t<span class=\"e-link-in-bio__icon-svg\">\n\t\t\t\t\t\t\t<svg aria-hidden=\"true\" class=\"e-font-icon-svg e-fab-youtube\" viewbox=\"0 0 576 512\" xmlns=\"http:\/\/www.w3.org\/2000\/svg\"><path d=\"M549.655 124.083c-6.281-23.65-24.787-42.276-48.284-48.597C458.781 64 288 64 288 64S117.22 64 74.629 75.486c-23.497 6.322-42.003 24.947-48.284 48.597-11.412 42.867-11.412 132.305-11.412 132.305s0 89.438 11.412 132.305c6.281 23.65 24.787 41.5 48.284 47.821C117.22 448 288 448 288 448s170.78 0 213.371-11.486c23.497-6.321 42.003-24.171 48.284-47.821 11.412-42.867 11.412-132.305 11.412-132.305s0-89.438-11.412-132.305zm-317.51 213.508V175.185l142.739 81.205-142.739 81.201z\"><\/path><\/svg>\t\t\t\t\t\t<\/span>\n\t\t\t\t\t\t\t\t\t\t\t<\/a>\n\t\t\t\t<\/div>\n\t\t\t\t\t\t\t<div class=\"e-link-in-bio__icon is-size-small\">\n\t\t\t\t\t<a href=\"https:\/\/www.mixcloud.com\/egrigyula75\/\" target=\"_blank\" rel=\"noopener \" aria-label=\"SoundCloud\" class=\"e-link-in-bio__icon-link\">\n\t\t\t\t\t\t<span class=\"e-link-in-bio__icon-svg\">\n\t\t\t\t\t\t\t<svg aria-hidden=\"true\" class=\"e-font-icon-svg e-fab-soundcloud\" viewbox=\"0 0 640 512\" xmlns=\"http:\/\/www.w3.org\/2000\/svg\"><path d=\"M111.4 256.3l5.8 65-5.8 68.3c-.3 2.5-2.2 4.4-4.4 4.4s-4.2-1.9-4.2-4.4l-5.6-68.3 5.6-65c0-2.2 1.9-4.2 4.2-4.2 2.2 0 4.1 2 4.4 4.2zm21.4-45.6c-2.8 0-4.7 2.2-5 5l-5 105.6 5 68.3c.3 2.8 2.2 5 5 5 2.5 0 4.7-2.2 4.7-5l5.8-68.3-5.8-105.6c0-2.8-2.2-5-4.7-5zm25.5-24.1c-3.1 0-5.3 2.2-5.6 5.3l-4.4 130 4.4 67.8c.3 3.1 2.5 5.3 5.6 5.3 2.8 0 5.3-2.2 5.3-5.3l5.3-67.8-5.3-130c0-3.1-2.5-5.3-5.3-5.3zM7.2 283.2c-1.4 0-2.2 1.1-2.5 2.5L0 321.3l4.7 35c.3 1.4 1.1 2.5 2.5 2.5s2.2-1.1 2.5-2.5l5.6-35-5.6-35.6c-.3-1.4-1.1-2.5-2.5-2.5zm23.6-21.9c-1.4 0-2.5 1.1-2.5 2.5l-6.4 57.5 6.4 56.1c0 1.7 1.1 2.8 2.5 2.8s2.5-1.1 2.8-2.5l7.2-56.4-7.2-57.5c-.3-1.4-1.4-2.5-2.8-2.5zm25.3-11.4c-1.7 0-3.1 1.4-3.3 3.3L47 321.3l5.8 65.8c.3 1.7 1.7 3.1 3.3 3.1 1.7 0 3.1-1.4 3.1-3.1l6.9-65.8-6.9-68.1c0-1.9-1.4-3.3-3.1-3.3zm25.3-2.2c-1.9 0-3.6 1.4-3.6 3.6l-5.8 70 5.8 67.8c0 2.2 1.7 3.6 3.6 3.6s3.6-1.4 3.9-3.6l6.4-67.8-6.4-70c-.3-2.2-2-3.6-3.9-3.6zm241.4-110.9c-1.1-.8-2.8-1.4-4.2-1.4-2.2 0-4.2.8-5.6 1.9-1.9 1.7-3.1 4.2-3.3 6.7v.8l-3.3 176.7 1.7 32.5 1.7 31.7c.3 4.7 4.2 8.6 8.9 8.6s8.6-3.9 8.6-8.6l3.9-64.2-3.9-177.5c-.4-3-2-5.8-4.5-7.2zm-26.7 15.3c-1.4-.8-2.8-1.4-4.4-1.4s-3.1.6-4.4 1.4c-2.2 1.4-3.6 3.9-3.6 6.7l-.3 1.7-2.8 160.8s0 .3 3.1 65.6v.3c0 1.7.6 3.3 1.7 4.7 1.7 1.9 3.9 3.1 6.4 3.1 2.2 0 4.2-1.1 5.6-2.5 1.7-1.4 2.5-3.3 2.5-5.6l.3-6.7 3.1-58.6-3.3-162.8c-.3-2.8-1.7-5.3-3.9-6.7zm-111.4 22.5c-3.1 0-5.8 2.8-5.8 6.1l-4.4 140.6 4.4 67.2c.3 3.3 2.8 5.8 5.8 5.8 3.3 0 5.8-2.5 6.1-5.8l5-67.2-5-140.6c-.2-3.3-2.7-6.1-6.1-6.1zm376.7 62.8c-10.8 0-21.1 2.2-30.6 6.1-6.4-70.8-65.8-126.4-138.3-126.4-17.8 0-35 3.3-50.3 9.4-6.1 2.2-7.8 4.4-7.8 9.2v249.7c0 5 3.9 8.6 8.6 9.2h218.3c43.3 0 78.6-35 78.6-78.3.1-43.6-35.2-78.9-78.5-78.9zm-296.7-60.3c-4.2 0-7.5 3.3-7.8 7.8l-3.3 136.7 3.3 65.6c.3 4.2 3.6 7.5 7.8 7.5 4.2 0 7.5-3.3 7.5-7.5l3.9-65.6-3.9-136.7c-.3-4.5-3.3-7.8-7.5-7.8zm-53.6-7.8c-3.3 0-6.4 3.1-6.4 6.7l-3.9 145.3 3.9 66.9c.3 3.6 3.1 6.4 6.4 6.4 3.6 0 6.4-2.8 6.7-6.4l4.4-66.9-4.4-145.3c-.3-3.6-3.1-6.7-6.7-6.7zm26.7 3.4c-3.9 0-6.9 3.1-6.9 6.9L227 321.3l3.9 66.4c.3 3.9 3.1 6.9 6.9 6.9s6.9-3.1 6.9-6.9l4.2-66.4-4.2-141.7c0-3.9-3-6.9-6.9-6.9z\"><\/path><\/svg>\t\t\t\t\t\t<\/span>\n\t\t\t\t\t\t\t\t\t\t\t<\/a>\n\t\t\t\t<\/div>\n\t\t\t\t\t<\/div>\n\t\t\n\t\t<div class=\"e-link-in-bio__image-links has-3-columns\">\n\t\t\t\t\t\t\t<a target=\"_blank\" rel=\"noopener \" class=\"e-link-in-bio__image-links-link\" href=\"\">\n\t\t\t\t\t<img decoding=\"async\" width=\"150\" height=\"150\" src=\"https:\/\/nomadgathering.com\/wp-content\/uploads\/2025\/04\/Nomad2025_Emblema_Atlatszo-Feher-150px.png\" class=\"e-link-in-bio__image-links-img\" alt=\"\" srcset=\"https:\/\/nomadgathering.com\/wp-content\/uploads\/2025\/04\/Nomad2025_Emblema_Atlatszo-Feher-150px.png 150w, https:\/\/nomadgathering.com\/wp-content\/uploads\/2025\/04\/Nomad2025_Emblema_Atlatszo-Feher-150px-100x100.png 100w\" sizes=\"(max-width: 150px) 100vw, 150px\" \/>\t\t\t\t<\/a>\n\t\t\t\t\t<\/div>\n\t\t\n\t\t\t<\/div>\n\t\t\t<div class=\"e-link-in-bio__bg\">\n\t\t\t\t<div class=\"e-link-in-bio__bg-overlay\"><\/div>\n\t\t\t<\/div>\n\t\t<\/div>\n\t\t\t\t\t\t<\/div>\n\t\t\t\t<\/div>\n\t\t\t\t<div class=\"elementor-element elementor-element-d6212f2 elementor-widget elementor-widget-image\" data-id=\"d6212f2\" data-element_type=\"widget\" data-e-type=\"widget\" data-widget_type=\"image.default\">\n\t\t\t\t<div class=\"elementor-widget-container\">\n\t\t\t\t\t\t\t\t\t\t\t\t\t\t\t<img decoding=\"async\" width=\"300\" height=\"300\" src=\"https:\/\/nomadgathering.com\/wp-content\/uploads\/2025\/04\/Nomad2025_Emblema_Atlatszo-Feher-300px.png\" class=\"attachment-large size-large wp-image-1420\" alt=\"\" srcset=\"https:\/\/nomadgathering.com\/wp-content\/uploads\/2025\/04\/Nomad2025_Emblema_Atlatszo-Feher-300px.png 300w, https:\/\/nomadgathering.com\/wp-content\/uploads\/2025\/04\/Nomad2025_Emblema_Atlatszo-Feher-300px-150x150.png 150w, https:\/\/nomadgathering.com\/wp-content\/uploads\/2025\/04\/Nomad2025_Emblema_Atlatszo-Feher-300px-100x100.png 100w\" sizes=\"(max-width: 300px) 100vw, 300px\" \/>\t\t\t\t\t\t\t\t\t\t\t\t\t\t\t<\/div>\n\t\t\t\t<\/div>\n\t\t\t\t\t<\/div>\n\t\t\t\t<\/div>\n\t\t\t\t<\/div>\n\t\t\t\t<\/div>","protected":false},"excerpt":{"rendered":"<p>Staff &quot;Nem hiszek a zenei ir\u00e1nyzatok mivolt\u00e1ban. Sz\u00e1momra l\u00e9tezik j\u00f3 zene \u00e9s rossz zene, \u00edgy az \u00e9n zenei palett\u00e1m eg\u00e9szen a chillt\u0151l a psytrancen kereszt\u00fcl a house zen\u00e9ig mindent befogad. Csak egy dolog biztos sz\u00e1momra : a zen\u00e9hez sz\u00edv \u00e9s l\u00e9lek kell. \u201e<\/p>","protected":false},"author":2,"featured_media":0,"parent":0,"menu_order":0,"comment_status":"closed","ping_status":"closed","template":"","meta":{"footnotes":""},"class_list":["post-1551","page","type-page","status-publish","hentry","entry","owp-thumbs-layout-horizontal","owp-btn-normal","owp-tabs-layout-horizontal","has-no-thumbnails","has-product-nav"],"_links":{"self":[{"href":"https:\/\/nomadgathering.com\/en\/wp-json\/wp\/v2\/pages\/1551","targetHints":{"allow":["GET"]}}],"collection":[{"href":"https:\/\/nomadgathering.com\/en\/wp-json\/wp\/v2\/pages"}],"about":[{"href":"https:\/\/nomadgathering.com\/en\/wp-json\/wp\/v2\/types\/page"}],"author":[{"embeddable":true,"href":"https:\/\/nomadgathering.com\/en\/wp-json\/wp\/v2\/users\/2"}],"replies":[{"embeddable":true,"href":"https:\/\/nomadgathering.com\/en\/wp-json\/wp\/v2\/comments?post=1551"}],"version-history":[{"count":10,"href":"https:\/\/nomadgathering.com\/en\/wp-json\/wp\/v2\/pages\/1551\/revisions"}],"predecessor-version":[{"id":2018,"href":"https:\/\/nomadgathering.com\/en\/wp-json\/wp\/v2\/pages\/1551\/revisions\/2018"}],"wp:attachment":[{"href":"https:\/\/nomadgathering.com\/en\/wp-json\/wp\/v2\/media?parent=1551"}],"curies":[{"name":"wp","href":"https:\/\/api.w.org\/{rel}","templated":true}]}}