{"id":1541,"date":"2025-04-27T05:47:07","date_gmt":"2025-04-27T05:47:07","guid":{"rendered":"https:\/\/nomadgathering.com\/?page_id=1541"},"modified":"2025-05-02T07:33:55","modified_gmt":"2025-05-02T07:33:55","slug":"lorena-trujillo-bra","status":"publish","type":"page","link":"https:\/\/nomadgathering.com\/en\/lorena-trujillo-bra\/","title":{"rendered":"Lorena Trujillo [BRA]"},"content":{"rendered":"\t\t<div data-elementor-type=\"wp-page\" data-elementor-id=\"1541\" class=\"elementor elementor-1541\" data-elementor-post-type=\"page\">\n\t\t\t\t<div class=\"elementor-element elementor-element-6034ea75 e-con-full e-flex e-con e-parent\" data-id=\"6034ea75\" data-element_type=\"container\" data-e-type=\"container\" data-settings=\"{&quot;background_background&quot;:&quot;gradient&quot;}\">\n\t\t<div class=\"elementor-element elementor-element-6e3f9153 e-flex e-con-boxed e-con e-child\" data-id=\"6e3f9153\" data-element_type=\"container\" data-e-type=\"container\" data-settings=\"{&quot;background_background&quot;:&quot;classic&quot;}\">\n\t\t\t\t\t<div class=\"e-con-inner\">\n\t\t\t\t<div class=\"elementor-element elementor-element-14ee3cce elementor-widget elementor-widget-link-in-bio-var-6\" data-id=\"14ee3cce\" data-element_type=\"widget\" data-e-type=\"widget\" data-widget_type=\"link-in-bio-var-6.default\">\n\t\t\t\t<div class=\"elementor-widget-container\">\n\t\t\t\t\t\t\t<div class=\"e-link-in-bio e-link-in-bio-var-6\">\n\t\t\t<div class=\"e-link-in-bio__content\">\n\n\t\t\t\t\t\t<div class=\"e-link-in-bio__identity\">\n\t\t\t\t\t\t\t\t\t<div class=\"e-link-in-bio__identity-image e-link-in-bio__identity-image-profile has-border has-style-circle\">\n\t\t\t\t\t\t\t<img fetchpriority=\"high\" decoding=\"async\" width=\"300\" height=\"300\" src=\"https:\/\/nomadgathering.com\/wp-content\/uploads\/2025\/03\/Nomad2025_Emblema_Feher-Lila-768x768-1-300x300.jpg\" class=\"e-link-in-bio__identity-image-element\" alt=\"\" srcset=\"https:\/\/nomadgathering.com\/wp-content\/uploads\/2025\/03\/Nomad2025_Emblema_Feher-Lila-768x768-1-300x300.jpg 300w, https:\/\/nomadgathering.com\/wp-content\/uploads\/2025\/03\/Nomad2025_Emblema_Feher-Lila-768x768-1-150x150.jpg 150w, https:\/\/nomadgathering.com\/wp-content\/uploads\/2025\/03\/Nomad2025_Emblema_Feher-Lila-768x768-1-600x600.jpg 600w, https:\/\/nomadgathering.com\/wp-content\/uploads\/2025\/03\/Nomad2025_Emblema_Feher-Lila-768x768-1-100x100.jpg 100w, https:\/\/nomadgathering.com\/wp-content\/uploads\/2025\/03\/Nomad2025_Emblema_Feher-Lila-768x768-1.jpg 768w\" sizes=\"(max-width: 300px) 100vw, 300px\" \/>\t\t\t\t\t\t\t\t\t\t\t\t\t<\/div>\n\t\t\t\t\t\t\t<\/div>\n\t\t\t\t\t<div class=\"e-link-in-bio__bio\">\n\t\t\t\t<h2 class=\"e-link-in-bio__heading\">Lorena Trujillo [BRA]\u200b<\/h2>\t\t\t\t\t\t\t\t\t\t\t\t\t\t\t<\/div>\n\t\t\t\t\t<div class=\"e-link-in-bio__icons has-size-small\">\n\t\t\t\t\t\t\t<div class=\"e-link-in-bio__icon is-size-small\">\n\t\t\t\t\t<a href=\"https:\/\/www.instagram.com\/lorenatrujillo.yoga\/\" target=\"_blank\" rel=\"noopener \" aria-label=\"Instagram\" class=\"e-link-in-bio__icon-link\">\n\t\t\t\t\t\t<span class=\"e-link-in-bio__icon-svg\">\n\t\t\t\t\t\t\t<svg aria-hidden=\"true\" class=\"e-font-icon-svg e-fab-instagram\" viewBox=\"0 0 448 512\" xmlns=\"http:\/\/www.w3.org\/2000\/svg\"><path d=\"M224.1 141c-63.6 0-114.9 51.3-114.9 114.9s51.3 114.9 114.9 114.9S339 319.5 339 255.9 287.7 141 224.1 141zm0 189.6c-41.1 0-74.7-33.5-74.7-74.7s33.5-74.7 74.7-74.7 74.7 33.5 74.7 74.7-33.6 74.7-74.7 74.7zm146.4-194.3c0 14.9-12 26.8-26.8 26.8-14.9 0-26.8-12-26.8-26.8s12-26.8 26.8-26.8 26.8 12 26.8 26.8zm76.1 27.2c-1.7-35.9-9.9-67.7-36.2-93.9-26.2-26.2-58-34.4-93.9-36.2-37-2.1-147.9-2.1-184.9 0-35.8 1.7-67.6 9.9-93.9 36.1s-34.4 58-36.2 93.9c-2.1 37-2.1 147.9 0 184.9 1.7 35.9 9.9 67.7 36.2 93.9s58 34.4 93.9 36.2c37 2.1 147.9 2.1 184.9 0 35.9-1.7 67.7-9.9 93.9-36.2 26.2-26.2 34.4-58 36.2-93.9 2.1-37 2.1-147.8 0-184.8zM398.8 388c-7.8 19.6-22.9 34.7-42.6 42.6-29.5 11.7-99.5 9-132.1 9s-102.7 2.6-132.1-9c-19.6-7.8-34.7-22.9-42.6-42.6-11.7-29.5-9-99.5-9-132.1s-2.6-102.7 9-132.1c7.8-19.6 22.9-34.7 42.6-42.6 29.5-11.7 99.5-9 132.1-9s102.7-2.6 132.1 9c19.6 7.8 34.7 22.9 42.6 42.6 11.7 29.5 9 99.5 9 132.1s2.7 102.7-9 132.1z\"><\/path><\/svg>\t\t\t\t\t\t<\/span>\n\t\t\t\t\t\t\t\t\t\t\t<\/a>\n\t\t\t\t<\/div>\n\t\t\t\t\t<\/div>\n\t\t\n\t\t<div class=\"e-link-in-bio__image-links has-3-columns\">\n\t\t\t\t\t\t\t<a target=\"_blank\" rel=\"noopener \" class=\"e-link-in-bio__image-links-link\" href=\"\">\n\t\t\t\t\t<img decoding=\"async\" width=\"150\" height=\"150\" src=\"https:\/\/nomadgathering.com\/wp-content\/uploads\/2025\/04\/Nomad2025_Emblema_Atlatszo-Feher-150px.png\" class=\"e-link-in-bio__image-links-img\" alt=\"\" srcset=\"https:\/\/nomadgathering.com\/wp-content\/uploads\/2025\/04\/Nomad2025_Emblema_Atlatszo-Feher-150px.png 150w, https:\/\/nomadgathering.com\/wp-content\/uploads\/2025\/04\/Nomad2025_Emblema_Atlatszo-Feher-150px-100x100.png 100w\" sizes=\"(max-width: 150px) 100vw, 150px\" \/>\t\t\t\t<\/a>\n\t\t\t\t\t<\/div>\n\t\t\n\t\t\t<\/div>\n\t\t\t<div class=\"e-link-in-bio__bg\">\n\t\t\t\t<div class=\"e-link-in-bio__bg-overlay\"><\/div>\n\t\t\t<\/div>\n\t\t<\/div>\n\t\t\t\t\t\t<\/div>\n\t\t\t\t<\/div>\n\t\t\t\t<div class=\"elementor-element elementor-element-05b4dfd elementor-widget elementor-widget-image\" data-id=\"05b4dfd\" data-element_type=\"widget\" data-e-type=\"widget\" data-widget_type=\"image.default\">\n\t\t\t\t<div class=\"elementor-widget-container\">\n\t\t\t\t\t\t\t\t\t\t\t\t\t\t\t<img decoding=\"async\" width=\"300\" height=\"300\" src=\"https:\/\/nomadgathering.com\/wp-content\/uploads\/2025\/04\/Nomad2025_Emblema_Atlatszo-Feher-300px.png\" class=\"attachment-large size-large wp-image-1420\" alt=\"\" srcset=\"https:\/\/nomadgathering.com\/wp-content\/uploads\/2025\/04\/Nomad2025_Emblema_Atlatszo-Feher-300px.png 300w, https:\/\/nomadgathering.com\/wp-content\/uploads\/2025\/04\/Nomad2025_Emblema_Atlatszo-Feher-300px-150x150.png 150w, https:\/\/nomadgathering.com\/wp-content\/uploads\/2025\/04\/Nomad2025_Emblema_Atlatszo-Feher-300px-100x100.png 100w\" sizes=\"(max-width: 300px) 100vw, 300px\" \/>\t\t\t\t\t\t\t\t\t\t\t\t\t\t\t<\/div>\n\t\t\t\t<\/div>\n\t\t\t\t<div class=\"elementor-element elementor-element-8b97d5 elementor-widget elementor-widget-text-editor\" data-id=\"8b97d5\" data-element_type=\"widget\" data-e-type=\"widget\" data-widget_type=\"text-editor.default\">\n\t\t\t\t<div class=\"elementor-widget-container\">\n\t\t\t\t\t\t\t\t\t<p>Sokan \u00fagy \u00e9lik az \u00e9let\u00fcket, hogy elt\u00e1volodtak saj\u00e1t test\u00fckt\u0151l, elidegenedtek saj\u00e1t \u00e9rz\u00e9kel\u00e9s\u00fckt\u0151l. Nem tudj\u00e1k megfogalmazni, hogyan vannak val\u00f3j\u00e1ban \u2014 csak azt, milyenek szeretn\u00e9nek lenni. A test t\u00fal\u00e9l, mivel a figyelem mindig a j\u00f6v\u0151 vagy a m\u00falt probl\u00e9m\u00e1in van, \u00edgy r\u00e9gi viselked\u00e9si mint\u00e1k \u00e9s hiedelmek alapj\u00e1n reag\u00e1lnak, amelyek cs\u00f6kkentik emberi potenci\u00e1ljukat. Az \u00e9let elmos\u00f3dott\u00e1 v\u00e1lik; a leg\u00e9rt\u00e9kesebb \u00e9s legegyszer\u0171bb dolgok \u00e9szrev\u00e9tlenek maradnak. Megh\u00edvlak, hogy fedezd fel a testedben rejl\u0151 lehet\u0151s\u00e9geket \u00e9s a benne l\u00e9v\u0151 b\u00f6lcsess\u00e9get. Megh\u00edvlak, hogy \u00e9rezz, \u00e9rz\u00e9kelj, k\u00e9pzelj, \u00e1lmodj, laz\u00edts, aktiviz\u00e1l\u00f3dj, mozogj, \u00e9s l\u00e9legezz m\u00e9lyen \u2014 tudatosan \u2014, \u00e9s id\u0151vel fedezd fel, milyen var\u00e1zslatos is mindez. Amikor a jelenl\u00e9tet gyakoroljuk, ezt az \u00e1llapotot \u00e9let\u00fcnk minden ter\u00fclet\u00e9re kiterjesztj\u00fck. Megh\u00edvlak, hogy vegy\u00e9l r\u00e9szt akt\u00edvan b\u00e1rmilyen tapasztalatban, \u00e9les\u00edtsd az \u00e9rz\u00e9keidet, \u00e9s var\u00e1zsold \u00fajra \u00e9lettel \u00f6nmagadat ezzel az egyszer\u0171 \u00fajra\u00e9rz\u00e9keny\u00edt\u0151 gyakorlattal, amit \u00fagy h\u00edvnak: J\u00d3GA.<\/p>\t\t\t\t\t\t\t\t<\/div>\n\t\t\t\t<\/div>\n\t\t\t\t\t<\/div>\n\t\t\t\t<\/div>\n\t\t\t\t<\/div>\n\t\t\t\t<\/div>\n\t\t","protected":false},"excerpt":{"rendered":"<p>Lorena Trujillo [BRA]\u200b Sokan \u00fagy \u00e9lik az \u00e9let\u00fcket, hogy elt\u00e1volodtak saj\u00e1t test\u00fckt\u0151l, elidegenedtek saj\u00e1t \u00e9rz\u00e9kel\u00e9s\u00fckt\u0151l. Nem tudj\u00e1k megfogalmazni, hogyan vannak val\u00f3j\u00e1ban \u2014 csak azt, milyenek szeretn\u00e9nek lenni. A test t\u00fal\u00e9l, mivel a figyelem mindig a j\u00f6v\u0151 vagy a m\u00falt probl\u00e9m\u00e1in van, \u00edgy r\u00e9gi viselked\u00e9si mint\u00e1k \u00e9s hiedelmek alapj\u00e1n reag\u00e1lnak, amelyek cs\u00f6kkentik emberi potenci\u00e1ljukat. Az \u00e9let [&hellip;]<\/p>\n","protected":false},"author":2,"featured_media":0,"parent":0,"menu_order":0,"comment_status":"closed","ping_status":"closed","template":"","meta":{"footnotes":""},"class_list":["post-1541","page","type-page","status-publish","hentry","entry","owp-thumbs-layout-horizontal","owp-btn-normal","owp-tabs-layout-horizontal","has-no-thumbnails","has-product-nav"],"_links":{"self":[{"href":"https:\/\/nomadgathering.com\/en\/wp-json\/wp\/v2\/pages\/1541","targetHints":{"allow":["GET"]}}],"collection":[{"href":"https:\/\/nomadgathering.com\/en\/wp-json\/wp\/v2\/pages"}],"about":[{"href":"https:\/\/nomadgathering.com\/en\/wp-json\/wp\/v2\/types\/page"}],"author":[{"embeddable":true,"href":"https:\/\/nomadgathering.com\/en\/wp-json\/wp\/v2\/users\/2"}],"replies":[{"embeddable":true,"href":"https:\/\/nomadgathering.com\/en\/wp-json\/wp\/v2\/comments?post=1541"}],"version-history":[{"count":11,"href":"https:\/\/nomadgathering.com\/en\/wp-json\/wp\/v2\/pages\/1541\/revisions"}],"predecessor-version":[{"id":1982,"href":"https:\/\/nomadgathering.com\/en\/wp-json\/wp\/v2\/pages\/1541\/revisions\/1982"}],"wp:attachment":[{"href":"https:\/\/nomadgathering.com\/en\/wp-json\/wp\/v2\/media?parent=1541"}],"curies":[{"name":"wp","href":"https:\/\/api.w.org\/{rel}","templated":true}]}}